{"id":9743,"date":"2025-10-14T21:17:46","date_gmt":"2025-10-14T19:17:46","guid":{"rendered":"https:\/\/www.attratec.de\/?post_type=product&#038;p=9743"},"modified":"2025-11-04T18:03:41","modified_gmt":"2025-11-04T17:03:41","slug":"attratec-no-23-predx-fluid-100-ml","status":"publish","type":"product","link":"https:\/\/www.attratec.de\/en\/shop\/lockmittel-raubwild\/attratec-no-23-predx-fluid-100-ml","title":{"rendered":"AttraTec No 23 PredX Fluid, 100 ml"},"content":{"rendered":"<h2>Breitwirksames Raubwildlockmittel f\u00fcr die Fallenjagd<\/h2>\n<ul>\n<li>Hochattraktiver, schmackhafter Fl\u00fcssiger Fra\u00dfk\u00f6der<\/li>\n<li>Langanhaltender Geruch nach Aas und Fisch<\/li>\n<li>Hohe Stabilit\u00e4t z.B. gegen Schimmel und Madenbefall<\/li>\n<li>Ganzj\u00e4hrig einsetzbar auf alles Raubwild<\/li>\n<\/ul>\n<p>Bei der PredX-Serie handelt es sich um Raubwildlockmittel, die in Zusammenarbeit mit einem \u00e4u\u00dferst erfahrenen Berufsj\u00e4ger entwickelt worden sind. <\/p>\n<p><strong>Das Besondere an AttraTec No 23 PredX Fluid<\/strong><br \/>\nAttraTec No 23 PredX Fluid ist ein fl\u00fcssiges Raubwildlockmittel, das als schmackhafter Fra\u00dfk\u00f6der oder \/ und als Duftk\u00f6der mit intensivem Geruch eingesetzt werden kann. Mit dem Tropfverschlu\u00df ist es sehr sauber, gezielt und sparsam dosierbar. PredX Fluid ist so formuliert, dass einen langanhaltenden Geruch nach Aas und Fisch verbreitet (4-8 Wochen). Es kann auch auf andere K\u00f6der aufgetropft werden.<\/p>\n<p><strong>Anwendungs-Tipp<\/strong><br \/>\nAttraTec No 23 PredX Fluid ist zwar eine z\u00e4he Fl\u00fcssigkeit, aber es empfiehlt sich trotzdem, sie auf eine Waagrechte Fl\u00e4che auszubringen. \u00dcbrigens gibt es in K\u00fcrze von AttraTec einen effektiven Dispenser f\u00fcr Duftk\u00f6der wie z.B. auch f\u00fcr AttraTec No 23 PredX Fluid. Die Anwendung ist einfach, schnell und sauber.<\/p>\n<p>Bitte beachten Sie das f\u00fcr Ihr Revier g\u00fcltige Landesjagdgesetz.<\/p>\n<p><strong>Angaben zur Produktsicherheit:<\/strong><\/p>\n<ul>\n<li>Hersteller: AttraTec GmbH, Amselweg 10, 63820 Elsenfeld, E-Mail: info@attratec.de<\/li>\n<li>Produktart:Raubwildlockmittel f\u00fcr die Fallenjagd<\/li>\n<li>Produktidentifikator: Braune Glasflasche mit Tropfverschluss mit 100 ml AttraTec No 23 PredX Fluid<\/li>\n<\/ul>\n","protected":false},"excerpt":{"rendered":"<p>Breitwirksames Raubwildlockmittel f\u00fcr die Fallenjagd; schmackhafter, fl\u00fcssiger K\u00f6der mit langanhaltendem Geruch<\/p>\n","protected":false},"featured_media":9796,"comment_status":"open","ping_status":"closed","template":"","meta":[],"product_cat":[64],"product_tag":[],"_links":{"self":[{"href":"https:\/\/www.attratec.de\/en\/wp-json\/wp\/v2\/product\/9743"}],"collection":[{"href":"https:\/\/www.attratec.de\/en\/wp-json\/wp\/v2\/product"}],"about":[{"href":"https:\/\/www.attratec.de\/en\/wp-json\/wp\/v2\/types\/product"}],"replies":[{"embeddable":true,"href":"https:\/\/www.attratec.de\/en\/wp-json\/wp\/v2\/comments?post=9743"}],"wp:featuredmedia":[{"embeddable":true,"href":"https:\/\/www.attratec.de\/en\/wp-json\/wp\/v2\/media\/9796"}],"wp:attachment":[{"href":"https:\/\/www.attratec.de\/en\/wp-json\/wp\/v2\/media?parent=9743"}],"wp:term":[{"taxonomy":"product_cat","embeddable":true,"href":"https:\/\/www.attratec.de\/en\/wp-json\/wp\/v2\/product_cat?post=9743"},{"taxonomy":"product_tag","embeddable":true,"href":"https:\/\/www.attratec.de\/en\/wp-json\/wp\/v2\/product_tag?post=9743"}],"curies":[{"name":"wp","href":"https:\/\/api.w.org\/{rel}","templated":true}]}}