{"id":8437,"date":"2024-09-12T22:20:58","date_gmt":"2024-09-12T20:20:58","guid":{"rendered":"https:\/\/www.attratec.de\/?post_type=product&#038;p=8437"},"modified":"2025-11-10T12:56:11","modified_gmt":"2025-11-10T11:56:11","slug":"ersatz-akku-fuer-attratec-trailcamera","status":"publish","type":"product","link":"https:\/\/www.attratec.de\/en\/shop\/revierhelfer\/ersatz-akku-fuer-attratec-trailcamera","title":{"rendered":"(Ersatz-)Akku f\u00fcr AttraTec TrailCamera"},"content":{"rendered":"<h2>Lithium-Ionen-Akku, Modell L800H, mit hoher Ladekapazit\u00e4t<\/h2>\n<ul>\n<li>Leistungsf\u00e4higer, robuster Lithium-Ionen-Akku 8000mAh<\/li>\n<li>Geeignet f\u00fcr den Betrieb der TrailCamera AttraTec 960 und TrailCamera AttraTec 990<\/li>\n<li>Sehr einfache Handhabung wie Wechseln oder Aufladen<\/li>\n<\/ul>\n<p>Eine Kombination aus der Solarpanele (3,5 W) und diesem Akku erm\u00f6glicht den jahrelangen, autarken Betrieb unserer Wildkameras. Tipp: Falls Sie die Kamera an einer Stelle aufh\u00e4ngen m\u00f6chten, die permanent beschattet ist, dann empfehlen wir die Verwendung eines Ersatz-Akkus f\u00fcr den Betrieb der TrailCamera AttraTec 960 (990), sodass Sie immer auf dem Laufenden sind. Sie werden positiv \u00fcberrascht sein, wie lange dieser Akku den Betrieb der TrailCamera AttraTec 960 (990) erm\u00f6glicht. Den Ladestand des Akkus k\u00f6nnen Sie in der App der Wildkamera stets \u00fcberpr\u00fcfen. So wissen, wann ein Austausch des Akkus sinnvoll ist.<\/p>\n<p>Hinweis: Bitte beachten Sie bei der Verwendung des Akkus in Kombination mit der TrailCamera AttraTec 960 (990) die jeweils f\u00fcr Sie g\u00fcltigen (Landesjagd)Gesetze<\/p>\n<p><strong>Angaben zur Produktsicherheit:<\/strong><\/p>\n<ul>\n<li>Hersteller\/ Verantwortliche Person: AttraTec GmbH, Amselweg 10, 63820 Elsenfeld, E-Mail: kontakt@attratec.de\n<li>Produktart: Lithium-Ionen Akku<\/li>\n<li>Produktidentifikator: grauer, rechteckiger 5V Akku, Modell L800D<\/li>\n<\/ul>\n<p><em>Sicherheitshinweise<\/em><\/p>\n<ul>\n<li>Werfen Sie Akkus niemals ins Feuer.<\/li>\n<li>Setzen Sie die Akkus keiner Fl\u00fcssigkeit aus. Jeder Kontakt mit Fl\u00fcssigkeit gleich welcher Art ist zu vermeiden.<\/li>\n<li>Einzelne Akkus sind kein Spielzeug und d\u00fcrfen deshalb nicht in die H\u00e4nde von Kindern gelangen.<\/li>\n<li>Bewahren Sie Akkus au\u00dferhalb der Reichweite von Kindern auf.<\/li>\n<li>Nehmen Sie nicht fest verbaute Akkus immer aus dem Ger\u00e4t, wenn Sie dieses nicht verwenden.<\/li>\n<li>Angeschlossene Akkus k\u00f6nnen tiefentladen werden.<\/li>\n<li>Akkus immer rechtzeitig aufladen.<\/li>\n<li>Laden und lagern Sie Akkus stets auf einer feuerfesten, nicht brennbaren Unterlage.<\/li>\n<li>Tiefentladene Akkus d\u00fcrfen nicht mehr geladen oder anderweitig verwendet werden.<\/li>\n<\/ul>\n<p><img\n  src=\"https:\/\/www.attratec.de\/wp-content\/uploads\/2020\/10\/trashcan.png\"\n  style=\"width: 50px; float: left; margin: 0 15px 0 0\"\n\/><\/p>\n<p><a href=\"https:\/\/www.attratec.de\/batteriegesetz\" rel=\"noopener\" target=\"_blank\">Hinweis auf Batterie- und Elektro G (\u00a7 18 BattG i.V.m. \u00a7 10 Abs. 1 ElektroG)<\/a><\/p>\n","protected":false},"excerpt":{"rendered":"<p>\u00c4u\u00dferst Leistungsf\u00e4higer Lithium-Ionen-Akku &#8211; f\u00fcr eine lange Bestriebszeit der TrailCamera AttraTec 960 (990)<\/p>\n","protected":false},"featured_media":8413,"comment_status":"open","ping_status":"closed","template":"","meta":[],"product_cat":[15],"product_tag":[],"_links":{"self":[{"href":"https:\/\/www.attratec.de\/en\/wp-json\/wp\/v2\/product\/8437"}],"collection":[{"href":"https:\/\/www.attratec.de\/en\/wp-json\/wp\/v2\/product"}],"about":[{"href":"https:\/\/www.attratec.de\/en\/wp-json\/wp\/v2\/types\/product"}],"replies":[{"embeddable":true,"href":"https:\/\/www.attratec.de\/en\/wp-json\/wp\/v2\/comments?post=8437"}],"wp:featuredmedia":[{"embeddable":true,"href":"https:\/\/www.attratec.de\/en\/wp-json\/wp\/v2\/media\/8413"}],"wp:attachment":[{"href":"https:\/\/www.attratec.de\/en\/wp-json\/wp\/v2\/media?parent=8437"}],"wp:term":[{"taxonomy":"product_cat","embeddable":true,"href":"https:\/\/www.attratec.de\/en\/wp-json\/wp\/v2\/product_cat?post=8437"},{"taxonomy":"product_tag","embeddable":true,"href":"https:\/\/www.attratec.de\/en\/wp-json\/wp\/v2\/product_tag?post=8437"}],"curies":[{"name":"wp","href":"https:\/\/api.w.org\/{rel}","templated":true}]}}