{"id":8054,"date":"2024-04-06T10:47:43","date_gmt":"2024-04-06T08:47:43","guid":{"rendered":"https:\/\/www.attratec.de\/?post_type=product&#038;p=8054"},"modified":"2026-03-04T00:00:13","modified_gmt":"2026-03-03T23:00:13","slug":"anziehendes-angebot-fuer-ihre-kirrung","status":"publish","type":"product","link":"https:\/\/www.attratec.de\/en\/shop\/aktionen\/anziehendes-angebot-fuer-ihre-kirrung","title":{"rendered":"Anziehendes Angebot f\u00fcr Ihre Kirrung"},"content":{"rendered":"<p>Mit diesem Angebot k\u00f6nnen Sie eine Kirrung innerhalb k\u00fcrzester Zeit neu einrichten. Oder Sie k\u00f6nnen damit herausfinden, ob sich eine Stelle als Kirrplatz eignet. Der Kirrautomat (inkl. Solarpaneele und Akku) sorgt f\u00fcr eine optimale Ausbringung von z.B. Mais und mit AttraTec No 20 BHT Plus sowie AttraTec No 11 Salzblitz sind Malbaum und Salzlecke im Nu aktiv. Damit Sie Ansitze dann in Ruhe genie\u00dfen k\u00f6nnen, h\u00e4lt AttraTec Insektenschutz L\u00e4stlinge wie Zecken und M\u00fccken effektiv auf Distanz.<\/p>\n<p>Das Paket enth\u00e4lt<\/p>\n<p>1 x <a href=\"https:\/\/www.attratec.de\/shop\/revierhelfer\/attratec-kirrautomat\">AttraTec Kirrautomat<\/a><br \/>\n1 x <a href=\"https:\/\/www.attratec.de\/shop\/revierhelfer\/akku-12v-72ah-fuer-kirrautomat\">Akku 12V 7.2Ah<\/a><br \/>\n1 x <a href=\"https:\/\/www.attratec.de\/shop\/revierhelfer\/attratec-solarpanele-15-w\">AttraTec Solarpanele, 1,5 W<\/a><br \/>\n1 x <a href=\"https:\/\/www.attratec.de\/shop\/lockmittel-malbaum\/attratec-no-20-bht-plus\">AttraTec No 20 BHT Plus<\/a><br \/>\n1 x <a href=\"https:\/\/www.attratec.de\/shop\/lockmittel-kirrung-salzlecke\/no-11-salzblitz\">AttraTec No 11 Salzblitz<\/a><br \/>\n1 x <a href=\"https:\/\/www.attratec.de\/shop\/pflege-trophy\/attratec-insektenschutz-pumpspray-100-ml\">AttraTec Insektenschutz<\/a><\/p>\n<p>Verbunden mit z.B. einem Eimer kann mit dem Kirrautomat (inkl. Solarpaneele und Akku) f\u00fcr ca. 2 Wochen eine Kirrstelle mit Mais versorgt werden. Wir verwenden daf\u00fcr eine Streudauer von 1-2 Sekunden. Damit k\u00f6nnen Sie zum einen geeignete neue Pl\u00e4tze f\u00fcr Kirrungen finden oder auch eine Kirrung dauerhaft betreiben. Damit eine Kirrung eine m\u00f6glichst hohe Anziehungskraft besitzt, d\u00fcrfen Salzlecke und Malbaum nicht fehlen. Diese sind innerhalb weniger Sekunden mit unserer No 20 bzw. No 11 &#8220;eingerichtet und scharf gestellt&#8221;. <\/p>\n<p>Damit Sie dabei nicht von Parasiten gest\u00f6rt werden, h\u00e4lt unser AttraTec Insektenschutz M\u00fccken (bis zu 8 Stunden) und Zecken (bis zu 10 Stunden) effektiv fern. \u00dcbrigens: In einem deutschlandweiten Anwendertest (2021) hat dieses Produkt BESTNOTEN erzielt! AttraTec Insektenschutz ist auch f\u00fcr Kleinkinder ab 2 Jahren geeignet! <\/p>\n<p>Mit diesem Ansatz lassen sich Ihre Jagdchancen DRAMATISCH steigern! <\/p>\n<p><iframe loading=\"lazy\" width=\"560\" height=\"315\" src=\"https:\/\/www.youtube.com\/embed\/MHzN0a4qNKI?si=881Pfe4W33PW68BR\" title=\"YouTube video player\" frameborder=\"0\" allow=\"accelerometer; autoplay; clipboard-write; encrypted-media; gyroscope; picture-in-picture; web-share\" referrerpolicy=\"strict-origin-when-cross-origin\" allowfullscreen><\/iframe><\/p>\n<h2>AttraTec No 20 BHT Plus<\/h2>\n<p><img decoding=\"async\" src=\"https:\/\/www.attratec.de\/wp-content\/uploads\/2020\/10\/ghs_flame.png\" style=\"width: 100px; float: left; margin: 0 15px 0 0\" \/> <img decoding=\"async\" src=\"https:\/\/www.attratec.de\/wp-content\/uploads\/2020\/10\/ghs_exclam.png\" style=\"width: 100px; float: left; margin: 0 15px 0 0\"\/><\/p>\n<p>GEFAHR: Extrem entz\u00fcndbares Aerosol. Beh\u00e4lter steht unter Druck. Kann bei Erw\u00e4rmung bersten. Verursacht Hautreizungen. Kann allergische Hautreaktionen verursachen. Verursacht schwere Augenreizung. Sch\u00e4dlich f\u00fcr Wasserorganismen mit langfristiger Wirkung. Ist \u00e4rztlicher Rat erforderlich, Verpackung oder Kennzeichnungsetikett bereit halten. Darf nicht in die H\u00e4nde von Kindern gelangen. Von Hitze, hei\u00dfen Oberfl\u00e4chen, Funken, offenen Flammen sowie anderen Z\u00fcndquellen fernhalten. Nicht rauchen. Nicht gegen offene Flamme oder andere Z\u00fcndquelle spr\u00fchen. Nicht durchstechen oder verbrennen, auch nicht nach Gebrauch. Schutzhandschuhe\/Schutzkleidung\/Augenschutz\/Gesichtsschutz tragen. Vor Sonnenbestrahlung sch\u00fctzen. Nicht Temperaturen \u00fcber 50\u00b0C \/122\u00b0F aussetzen. Inhalt\/Beh\u00e4lter gem\u00e4\u00df den lokalen\/nationalen Vorschriften der Abfallentsorgung zuf\u00fchren. Enth\u00e4lt Holzteer (EC-Nummer:294-436-0), trans-1-Methoxy-4-(1-pro\u00fcpenyl)benzol.<\/p>\n<p>\u00dcbrigens: Sauen haben unterschiedliche Geruchsvorlieben. Wenn Sie mit unserer No 20 keinen Erfolg haben, dann versuchen Sie einmal unsere anderen Produkte &#8211; Sie werden dabei sicher f\u00fcndig!<\/p>\n<p><script type=\"application\/ld+json\">\n\t{\n\t\t\"@context\": \"https:\/\/schema.org\/\",\n\t\t\"@type\": \"Product\",\n\t\t\"name\": \"AttraTec No 20 BHT Plus, 500 ml\",\n\t\t\"image\": \"https:\/\/www.attratec.de\/wp-content\/uploads\/2021\/04\/attratec_no_20_500ml.jpg\",\n\t\t\"description\": \"Bioaktives Lockmittelspray f\u00fcr Schwarz- und Rotwild auf Basis von Qualit\u00e4ts-Buchenholzteer mit nat\u00fcrlichem Wirkungsverst\u00e4rker\",\n\t\t\"brand\": \"AttraTec\",\n\t\t\"gtin13\": \"4260335480489\",\n\t\t\"sku\": \"10046-1\",\n\t\t\"offers\": {\n\t\t\t\"@type\": \"Offer\",\n\t\t\t\"url\": \"https:\/\/www.attratec.de\/shop\/lockmittel-malbaum\/attratec-no-20-bht-plus\",\n\t\t\t\"priceCurrency\": \"EUR\",\n\t\t\t\"price\": \"12.95\n\",\n\t\t\t\"availability\": \"https:\/\/schema.org\/InStock\",\n\t\t\t\"itemCondition\": \"https:\/\/schema.org\/NewCondition\"\n\t\t}\n\t}\n\t<\/script><\/p>\n<h2>AttraTec No 11 Salzblitz<\/h2>\n<p>Bei AttraTec No 11 Salzblitz handelt es sich um ein Erg\u00e4nzungsfuttermittel f\u00fcr Schalenwild. Es kann an der Salzlecke Anwendung finden oder zur Veredlung von Kirrgut genutzt werden.<\/p>\n<table class=\"composition\">\n<tr>\n<th colspan=\"2\">Inhaltsstoffe<\/th>\n<\/tr>\n<tr>\n<td>Rohprotein<\/td>\n<td class=\"number\">0,0 %<\/td>\n<\/tr>\n<tr>\n<td>Rohfaser<\/td>\n<td class=\"number\">0,0 %<\/td>\n<\/tr>\n<tr>\n<td>Rohfett<\/td>\n<td class=\"number\">0,0 %<\/td>\n<\/tr>\n<tr>\n<td>Rohasche<\/td>\n<td class=\"number\">0,0 %<\/td>\n<\/tr>\n<tr>\n<td>Natrium (Na)<\/td>\n<td class=\"number\">7,6 %<\/td>\n<\/tr>\n<tr>\n<td>Kalium (K)<\/td>\n<td class=\"number\">0,1 %<\/td>\n<\/tr>\n<tr>\n<td>Feuchtegehalt<\/td>\n<td class=\"number\">&lt;69,0 %<\/td>\n<\/tr>\n<\/table>\n<p>\n<strong>Zusammensetzung<\/strong><br \/>\nNatriumchlorid; Glycerin, roh; Fructose; Glucose; Kaliumchlorid<\/p>\n<p><script type=\"application\/ld+json\">\n\t{\n\t\t\"@context\": \"https:\/\/schema.org\/\",\n\t\t\"@type\": \"Product\",\n\t\t\"name\": \"AttraTec No 11 Salzblitz, 1 kg\",\n\t\t\"image\": \"https:\/\/www.attratec.de\/wp-content\/uploads\/2023\/06\/Salzblitz.jpg\",\n\t\t\"description\": \"Erg\u00e4nzungsfuttermittel zur Aktivierung von Salzlecken und zur Verfeinerung von Kirrgut\",\n\t\t\"brand\": \"AttraTec\",\n\t\t\"gtin13\": \"4260335480212\",\n\t\t\"sku\": \"60020-1\",\n\t\t\"offers\": {\n\t\t\t\"@type\": \"Offer\",\n\t\t\t\"url\": \"https:\/\/www.attratec.de\/shop\/lockmittel-kirrung-salzlecke\/no-11-salzblitz\",\n\t\t\t\"priceCurrency\": \"EUR\",\n\t\t\t\"price\": \"14.95\n\",\n\t\t\t\"availability\": \"https:\/\/schema.org\/InStock\",\n\t\t\t\"itemCondition\": \"https:\/\/schema.org\/NewCondition\"\n\t\t}\n\t}\n\t<\/script><\/p>\n<h2>AttraTec Insektenschutz<\/h2>\n<p><img\n  src=\"https:\/\/www.attratec.de\/wp-content\/uploads\/2020\/10\/ghs_flame.png\"\n  style=\"width: 100px; float: left; margin: 0 15px 0 0\"\n\/><\/p>\n<p><img\n  src=\"https:\/\/www.attratec.de\/wp-content\/uploads\/2020\/10\/ghs_exclam.png\"\n  style=\"width: 100px; float: left; margin: 0 15px 0 0\"\n\/><\/p>\n<p><strong>ACHTUNG!<\/strong> Enth\u00e4lt Ethanol. Fl\u00fcssigkeit und Dampf entz\u00fcndbar. Verursacht schwere Augenreizung. Darf nicht in die H\u00e4nde von Kindern gelangen. Von Hitze, hei\u00dfen Oberfl\u00e4chen, Funken, offenen Flammen und anderen Z\u00fcndquellen fernhalten. Nicht rauchen. Nicht auf gesch\u00e4digten Hautstellen (z.B. bei Sonnenbrand) anwenden. Sollten Reizungen auftreten, Anwendung aussetzen. BEI VERSCHLUCKEN: Sofort GIFTINFORMATIONSZENTRUM oder Arzt anrufen. BEI KONTAKT MIT DEN AUGEN: Einige Minuten lang behutsam mit Wasser sp\u00fclen. Eventuell vorhandene Kontaktlinsen nach M\u00f6glichkeit entfernen. Weiter sp\u00fclen. Bei anhaltender Augenreizung: \u00c4rztlichen Rat einholen, \u00e4rztliche Hilfe hinzuziehen. Nur in gut bel\u00fcfteten Bereichen anwenden. Einatmen von Nebel vermeiden. Kontakt mit Lebensmitteln vermeiden. Inhalt\/Beh\u00e4lter gem\u00e4\u00df den \u00f6rtlichen Vorschriften entsorgen.<\/p>\n<p>Biozidprodukt. Vorsichtig verwenden. Vor Gebrauch stets Etikett und Produktinformationen lesen.<\/p>\n<p>Verwendung: Repellent<br \/>\nWirkstoff: 20g\/100g (20%) Icaridin (Saltidin<sup>\u00ae<\/sup>)*<br \/>\nBAuA-Reg.-Nr.: N-95536, Pumpspray.<br \/>\nUFI: 6J7Y-58MJ-2006-KT5X.<br \/>\n*eingetragene Marke der Saltigo GmbH, Deutschland. Hergestellt in der EU.<\/p>\n<p><script type=\"application\/ld+json\">\n\t{\n\t\t\"@context\": \"https:\/\/schema.org\/\",\n\t\t\"@type\": \"Product\",\n\t\t\"name\": \"AttraTec Insektenschutz Pumpspray, 100 ml\",\n\t\t\"image\": \"https:\/\/www.attratec.de\/wp-content\/uploads\/2021\/05\/attratec_insektenspray.jpg\",\n\t\t\"description\": \"AttraTec Insektenschutz - zuverl\u00e4ssiger Schutz vor M\u00fcckenstichen und Zeckenbissen\",\n\t\t\"brand\": \"AttraTec\",\n\t\t\"gtin13\": \"4260335480380\",\n\t\t\"sku\": \"90036-1\",\n\t\t\"offers\": {\n\t\t\t\"@type\": \"Offer\",\n\t\t\t\"url\": \"https:\/\/www.attratec.de\/shop\/pflege-trophy\/attratec-insektenschutz-pumpspray-100-ml\",\n\t\t\t\"priceCurrency\": \"EUR\",\n\t\t\t\"price\": \"11.95\n\",\n\t\t\t\"availability\": \"https:\/\/schema.org\/InStock\",\n\t\t\t\"itemCondition\": \"https:\/\/schema.org\/NewCondition\"\n\t\t}\n\t}\n\t<\/script><\/p>\n<p><img\n  src=\"https:\/\/www.attratec.de\/wp-content\/uploads\/2020\/10\/trashcan.png\"\n  style=\"width: 50px; float: left; margin: 0 15px 0 0\"\n\/><\/p>\n<p><a href=\"https:\/\/www.attratec.de\/batteriegesetz\" rel=\"noopener\" target=\"_blank\">Hinweis auf Batterie- und Elektro G (\u00a7 18 BattG i.V.m. \u00a7 10 Abs. 1 ElektroG)<\/a><\/p>\n<p>Beachten Sie die f\u00fcr Sie geltenden Landesjagdgesetze.<\/p>\n","protected":false},"excerpt":{"rendered":"<p>Paket zur einfachen und schnellen Einrichtung einer Kirrung, mit einem 12V-Kirrautomaten (inkl. Akku und Solarpanele), einer 4G LTE Wildkamera (inkl. leistungsf\u00e4higem Akku), AttraTec No 20 BHT Plus, Salzblitz und AttraTec Insektenschutz. Aktionspreis EUR 289,95<\/p>\n","protected":false},"featured_media":8047,"comment_status":"open","ping_status":"closed","template":"","meta":[],"product_cat":[113,15,72,68],"product_tag":[],"_links":{"self":[{"href":"https:\/\/www.attratec.de\/en\/wp-json\/wp\/v2\/product\/8054"}],"collection":[{"href":"https:\/\/www.attratec.de\/en\/wp-json\/wp\/v2\/product"}],"about":[{"href":"https:\/\/www.attratec.de\/en\/wp-json\/wp\/v2\/types\/product"}],"replies":[{"embeddable":true,"href":"https:\/\/www.attratec.de\/en\/wp-json\/wp\/v2\/comments?post=8054"}],"wp:featuredmedia":[{"embeddable":true,"href":"https:\/\/www.attratec.de\/en\/wp-json\/wp\/v2\/media\/8047"}],"wp:attachment":[{"href":"https:\/\/www.attratec.de\/en\/wp-json\/wp\/v2\/media?parent=8054"}],"wp:term":[{"taxonomy":"product_cat","embeddable":true,"href":"https:\/\/www.attratec.de\/en\/wp-json\/wp\/v2\/product_cat?post=8054"},{"taxonomy":"product_tag","embeddable":true,"href":"https:\/\/www.attratec.de\/en\/wp-json\/wp\/v2\/product_tag?post=8054"}],"curies":[{"name":"wp","href":"https:\/\/api.w.org\/{rel}","templated":true}]}}