{"id":8053,"date":"2024-04-06T09:45:14","date_gmt":"2024-04-06T07:45:14","guid":{"rendered":"https:\/\/www.attratec.de\/?post_type=product&#038;p=8053"},"modified":"2024-04-22T00:46:59","modified_gmt":"2024-04-21T22:46:59","slug":"mit-diesem-angebot-behalten-sie-den-ueberblick","status":"publish","type":"product","link":"https:\/\/www.attratec.de\/en\/shop\/testprodukte\/mit-diesem-angebot-behalten-sie-den-ueberblick","title":{"rendered":"Mit diesem Angebot behalten Sie den \u00dcberblick"},"content":{"rendered":"<p>Mit der angebotenen 4G LTE Wildkamera werden Sie immer aktuell \u00fcber Besuche an z.B. Malb\u00e4umen, Salzlecken oder Kirrungen informiert. Und neue Malb\u00e4ume lassen sich in wenigen Sekunden mit dem Spray AttraTec No 20 BHT Plus einrichten.<\/p>\n<p>Das Angebot enth\u00e4lt<\/p>\n<p>1 x <a href=\"https:\/\/www.attratec.de\/shop\/lockmittel-malbaum\/attratec-no-20-bht-plus\">AttraTec No 20 BHT Plus<\/a><br \/>\nund wahlweise eine bis drei 4G LTE Wildkamera S960<\/p>\n<p>Bei AttraTec No 20 BHT Plus handelt es sich um Qualit\u00e4ts-Buchenholzteer, dessen Wirkung durch den Zusatz eines rein pflanzlichen Lockstoffes erh\u00f6ht wird. Das Zusammenspiel von Rezeptur und D\u00fcse resultiert in einem fokusierten Spr\u00fchstrahl. Auf Zielfl\u00e4chen bildet er einen fest anhaftenden Produktfilm. Ein Ablaufen des Lockmittels von der Zielfl\u00e4che durch zu rasches Auftragen wird so effektiv verhindert. Zudem erm\u00f6glicht dies einen sparsamen Gebrauch. AttraTec No 20 BHT Plus l\u00e4sst sich einfach, schnell und sauber anwenden. PS: Spr\u00fchen Sie immer mit und nie gegen den Wind. Sicherheitshalber empfehlen wir, nach dem Spr\u00fchen die Dose umdrehen und das Ventil kurz leer zu spr\u00fchen sowie Produktreste vom Spr\u00fchkopf kurz abzuwischen. Inhalt der Dose: 500 ml.<\/p>\n<p>Die sendef\u00e4hige 4G LTE Kamera S960 besitz eine sehr gute Aufl\u00f6sung bei Tag und Nacht, eine hohe Ausl\u00f6sedistanz und eine sehr kurze Ausl\u00f6sezeit (0,1s). Die Kamera ist mit einem leistungsf\u00e4higen Akku versehen. Sie hat keinen Sim-lock und kann vieles mehr (alle Details: siehe <a href=\"https:\/\/www.attratec.de\/wp-content\/uploads\/2024\/03\/Bedienungsanleitung-Trail-Kamera-Model-S960.pdf\">Anleitung<\/a>). <\/p>\n<p><iframe loading=\"lazy\" width=\"560\" height=\"315\" src=\"https:\/\/www.youtube.com\/embed\/MHzN0a4qNKI?si=881Pfe4W33PW68BR\" title=\"YouTube video player\" frameborder=\"0\" allow=\"accelerometer; autoplay; clipboard-write; encrypted-media; gyroscope; picture-in-picture; web-share\" referrerpolicy=\"strict-origin-when-cross-origin\" allowfullscreen><\/iframe><\/p>\n<h2>Trail Kamera S960<\/h2>\n<ul>\n<li>Sendef\u00e4hige 4G LTE Wildkamera<\/li>\n<li>Sehr gute Aufl\u00f6sung bei Tag und Nacht<\/li>\n<li>Hohe Ausl\u00f6sedistanz<\/li>\n<li>Sehr kurze Ausl\u00f6sezeit (0,1s)<\/li>\n<li>alle Details: <a href=\"https:\/\/www.attratec.de\/wp-content\/uploads\/2024\/03\/Bedienungsanleitung-Trail-Kamera-Model-S960.pdf\">siehe Anleitung<\/a><\/li>\n<\/ul>\n<h2>AttraTec No 20 BHT Plus<\/h2>\n<p><img decoding=\"async\" src=\"https:\/\/www.attratec.de\/wp-content\/uploads\/2020\/10\/ghs_flame.png\" style=\"width: 100px; float: left; margin: 0 15px 0 0\" \/> <img decoding=\"async\" src=\"https:\/\/www.attratec.de\/wp-content\/uploads\/2020\/10\/ghs_exclam.png\" style=\"width: 100px; float: left; margin: 0 15px 0 0\"\/><\/p>\n<p>GEFAHR: Extrem entz\u00fcndbares Aerosol. Beh\u00e4lter steht unter Druck. Kann bei Erw\u00e4rmung bersten. Verursacht Hautreizungen. Kann allergische Hautreaktionen verursachen. Verursacht schwere Augenreizung. Sch\u00e4dlich f\u00fcr Wasserorganismen mit langfristiger Wirkung. Ist \u00e4rztlicher Rat erforderlich, Verpackung oder Kennzeichnungsetikett bereit halten. Darf nicht in die H\u00e4nde von Kindern gelangen. Von Hitze, hei\u00dfen Oberfl\u00e4chen, Funken, offenen Flammen sowie anderen Z\u00fcndquellen fernhalten. Nicht rauchen. Nicht gegen offene Flamme oder andere Z\u00fcndquelle spr\u00fchen. Nicht durchstechen oder verbrennen, auch nicht nach Gebrauch. Schutzhandschuhe\/Schutzkleidung\/Augenschutz\/Gesichtsschutz tragen. Vor Sonnenbestrahlung sch\u00fctzen. Nicht Temperaturen \u00fcber 50\u00b0C \/122\u00b0F aussetzen. Inhalt\/Beh\u00e4lter gem\u00e4\u00df den lokalen\/nationalen Vorschriften der Abfallentsorgung zuf\u00fchren. Enth\u00e4lt Holzteer (EC-Nummer:294-436-0), trans-1-Methoxy-4-(1-pro\u00fcpenyl)benzol.<\/p>\n<p>\u00dcbrigens: Sauen haben unterschiedliche Geruchsvorlieben. Wenn Sie mit unserer No 20 keinen Erfolg haben, dann versuchen Sie einmal unsere anderen Produkte &#8211; Sie werden dabei sicher f\u00fcndig!<\/p>\n<p><script type=\"application\/ld+json\">\n\t{\n\t\t\"@context\": \"https:\/\/schema.org\/\",\n\t\t\"@type\": \"Product\",\n\t\t\"name\": \"AttraTec No 20 BHT Plus, 500 ml\",\n\t\t\"image\": \"https:\/\/www.attratec.de\/wp-content\/uploads\/2021\/04\/attratec_no_20_500ml.jpg\",\n\t\t\"description\": \"Bioaktives Lockmittelspray f\u00fcr Schwarz- und Rotwild auf Basis von Qualit\u00e4ts-Buchenholzteer mit nat\u00fcrlichem Wirkungsverst\u00e4rker\",\n\t\t\"brand\": \"AttraTec\",\n\t\t\"gtin13\": \"4260335480489\",\n\t\t\"sku\": \"10046-1\",\n\t\t\"offers\": {\n\t\t\t\"@type\": \"Offer\",\n\t\t\t\"url\": \"https:\/\/www.attratec.de\/shop\/lockmittel-malbaum\/attratec-no-20-bht-plus\",\n\t\t\t\"priceCurrency\": \"EUR\",\n\t\t\t\"price\": \"12.95\n\",\n\t\t\t\"availability\": \"https:\/\/schema.org\/InStock\",\n\t\t\t\"itemCondition\": \"https:\/\/schema.org\/NewCondition\"\n\t\t}\n\t}\n\t<\/script><\/p>\n<p><a href=\"https:\/\/www.attratec.de\/batteriegesetz\" rel=\"noopener\" target=\"_blank\">Hinweis auf Batterie- und Elektro G (\u00a7 18 BattG i.V.m. \u00a7 10 Abs. 1 ElektroG)<\/a><\/p>\n<p>Beachten Sie die f\u00fcr Sie geltenden Landesjagdgesetze.<\/p>\n","protected":false},"excerpt":{"rendered":"<p>Angebot \u00fcber ein bis drei 4G LTE Wildkameras S960 (inkl. leistungsf\u00e4higem Akku) und dem Spray AttraTec No 20 BHT Plus. Preisnachlass bis 40%.<\/p>\n","protected":false},"featured_media":8049,"comment_status":"open","ping_status":"closed","template":"","meta":[],"product_cat":[202],"product_tag":[],"_links":{"self":[{"href":"https:\/\/www.attratec.de\/en\/wp-json\/wp\/v2\/product\/8053"}],"collection":[{"href":"https:\/\/www.attratec.de\/en\/wp-json\/wp\/v2\/product"}],"about":[{"href":"https:\/\/www.attratec.de\/en\/wp-json\/wp\/v2\/types\/product"}],"replies":[{"embeddable":true,"href":"https:\/\/www.attratec.de\/en\/wp-json\/wp\/v2\/comments?post=8053"}],"wp:featuredmedia":[{"embeddable":true,"href":"https:\/\/www.attratec.de\/en\/wp-json\/wp\/v2\/media\/8049"}],"wp:attachment":[{"href":"https:\/\/www.attratec.de\/en\/wp-json\/wp\/v2\/media?parent=8053"}],"wp:term":[{"taxonomy":"product_cat","embeddable":true,"href":"https:\/\/www.attratec.de\/en\/wp-json\/wp\/v2\/product_cat?post=8053"},{"taxonomy":"product_tag","embeddable":true,"href":"https:\/\/www.attratec.de\/en\/wp-json\/wp\/v2\/product_tag?post=8053"}],"curies":[{"name":"wp","href":"https:\/\/api.w.org\/{rel}","templated":true}]}}