{"id":7293,"date":"2023-07-30T10:01:30","date_gmt":"2023-07-30T08:01:30","guid":{"rendered":"https:\/\/www.attratec.de\/?post_type=product&#038;p=7293"},"modified":"2023-08-19T14:50:59","modified_gmt":"2023-08-19T12:50:59","slug":"aktionspaket-sommer-2023-inkl-kirrautomat-mit-eindimensionaler-ausgabe","status":"publish","type":"product","link":"https:\/\/www.attratec.de\/en\/shop\/aktionen\/aktionspaket-sommer-2023-inkl-kirrautomat-mit-eindimensionaler-ausgabe","title":{"rendered":"Aktionspaket Sommer 2023 &#8211; inkl. Kirrautomat mit eindimensionaler Ausgabe"},"content":{"rendered":"<p>Das optimale Paket zur Einrichtung einer neuen Kirrung. Lassen Sie Ihre Kirrung von unserem Kirrautomaten mit eindimsensionaler Kirrgutausgabe versorgen. Aktivieren Sie Ihre Malb\u00e4ume mit unserem Klassiker AttraTec No 1 Suhlengold<sup>\u00ae<\/sup> Version 2017 und steigern Sie die Attraktivit\u00e4t Ihrer Salzlecke mit dem Salzdepot Ultra Plus.<\/p>\n<p>Das Paket enth\u00e4lt<\/p>\n<p>1 x <a href=\"https:\/\/www.attratec.de\/shop\/revierhelfer\/attratec-kirrautomat-12v-mit-eindimensionaler-ausgabe\">AttraTec 12V Kirrautomat mit eindimensionaler Ausgabe<\/a><br \/>\n1 x <a href=\"https:\/\/www.attratec.de\/shop\/revierhelfer\/akku-12-v\">AttraTec Akku 12 V, 7 Ah<\/a><br \/>\n1 x <a href=\"https:\/\/www.attratec.de\/shop\/revierhelfer\/attratec-solarpanele-15-w\">AttraTec Solarpanele, 1,5 W<\/a><br \/>\n1 x <a href=\"https:\/\/www.attratec.de\/shop\/lockmittel-malbaum\/no-1-suhlengold-version-2017\">AttraTec No 1 Suhlengold\u00ae Version 2017, 1 kg*<\/a><br \/>\n1 x <a href=\"https:\/\/www.attratec.de\/shop\/lockmittel-kirrung-salzlecke\/attratec-no-17-salzdepot-anis-plus-2-kg\">AttraTec No 17 Salzdepot Ultra Plus, 2 kg*<\/a><\/p>\n<p><img decoding=\"async\" style=\"width: 100px; float: left; margin: 0 15px 0 0;\" src=\"https:\/\/www.attratec.de\/wp-content\/uploads\/2020\/10\/ghs_exclam.png\" \/><\/p>\n<p>*Warnhinweise zu AttraTec No 1 Suhlengold Version 2017. ACHTUNG: Verursacht Hautreizungen. Kann allergische Hautreaktionen verursachen. Verursacht schwere Augenreizung. Sch\u00e4dlich f\u00fcr Wasserorganismen, mit langfristiger Wirkung. Einatmen von Staub\/Rauch\/Gas\/Nebel\/Dampf\/Aerosol vermeiden. Schutzhandschuhe\/Schutzkleidung\/Augenschutz\/Gesichtsschutz tragen. Bei Hautreizung oder -ausschlag: \u00c4rztlichen Rat einholen\/\u00e4rztliche Hilfe hinzuziehen. Bei anhaltender Augenreizung: \u00c4rztlichen Rat einholen\/\u00e4rztliche Hilfe hinzuziehen. Kontaminierte Kleidung ausziehen und vor erneutem Tragen waschen.Enth\u00e4lt Buchenholzteer, E-Anethol.<\/p>\n<h2>Mineralfuttermittel f\u00fcr alle Schalenwild-Arten<\/h2>\n<ul>\n<li>Beitrag zur Wildschaden-Reduktion durch Vitamin B<sub>12<sub\/><\/li>\n<li>Flexible Anwendung als Pulver oder Paste<\/li>\n<li>Auch Raubwild kann angelockt werden<\/li>\n<\/ul>\n<p><strong>Das Besondere an AttraTec No 17 Salzdepot Ultra Plus<\/strong><br \/>\nDas Besondere an unserer &#8220;No 17&#8221; ist zum einen die Bereitstellung von Vitamin B<sub>12<\/sub> f\u00fcr Ihr Wild, insbesondere Schwarzwild. Denn: Die Versorgung von Schwarzwild mit Vitamin B<sub>12<\/sub> ist sehr h\u00e4ufig ungen\u00fcgend und f\u00fchrt so zu vermehrtem Brechen nach W\u00fcrmern und Insekten, da Vitamin B<sub>12<\/sub> mit tierischer Nahrung aufgenommen wird. AttraTec No 17 Salzdepot Ultra Plus hilft auf diese Weise, <strong>Wildsch\u00e4den<\/strong> zu <strong>reduzieren<\/strong>.<br \/>\nZum anderen hat Attratec No 17 Salzdepot Ultra Plus eine <strong>erh\u00f6hte Lockwirkung<\/strong> nicht nur auf Schalen- sondern auch auf Raubwild.<br \/>\n\u00dcbrigens: die wasserfreie Zubereitung bedingt eine hohe Lagerstabilit\u00e4t dieses Vitamins. Auch die Ausbringung als Pulver oder Paste f\u00fchrt zu keinem signifikanten Abbau, da durch den hohen Salzgehalt die L\u00f6slichkeit dieses Vitamins in der Wasserphase sehr stark reduziert wird. <\/p>\n<p><strong>Anwendung als Pulver<\/strong><br \/>\nDie grobk\u00f6rnige \u201eNo 17\u201c kann schnell und einfach mit Kirrgut (z.B. Mais, Getreide) kombiniert oder einfach auf den Kirrplatz gestreut werden. <\/p>\n<p><strong>Anwendung als Paste<\/strong><br \/>\nMit Wasser kann die &#8220;No 17&#8221; innerhalb k\u00fcrzester Zeit zur Salzpaste anger\u00fchrt werden. Idealerweise wird die Paste auf eine horizontale oder nahezu horizontale Fl\u00e4che aufgetragen, z.B. auf Baumst\u00fcmpfe oder Totholz.<br \/>\n<strong>Tipp1:<\/strong> Die Paste immer direkt nach dem Anr\u00fchren frisch ausbringen. L\u00e4nger stehende Salzpaste kann zur Separation neigen und muss vor der Ausbringung gut durchmischt werden.<br \/>\n<strong>Tipp 2:<\/strong> Spr\u00fchen Sie etwas AttraTec No 2 Anis Ultra in unmittelbarer N\u00e4he auf eine kleine Fl\u00e4che. So findet Ihr Schalenwild sehr schnell die neue Salzquelle.<br \/>\n<strong>Achtung<\/strong> Auftragen auf B\u00e4ume kann zu Sch\u00e4lsch\u00e4den f\u00fchren.<\/p>\n<table class=\"composition\">\n<tr>\n<th colspan=\"2\">Inhaltsstoffe<\/th>\n<\/tr>\n<tr>\n<td>Natrium (Na)<\/td>\n<td class=\"number\">36,3 %<\/td>\n<\/tr>\n<tr>\n<td>Kalzium (Ca)<\/td>\n<td class=\"number\">0,8 %<\/td>\n<\/tr>\n<tr>\n<td>Kalium (K)<\/td>\n<td class=\"number\">0,5 %<\/td>\n<\/tr>\n<tr>\n<td>Magnesium (Mg)<\/td>\n<td class=\"number\">0,1 %<\/td>\n<\/tr>\n<tr>\n<td>Phosphor (P)<\/td>\n<td class=\"number\"><0,1 %<\/td>\n<\/tr>\n<tr>\n<td>Vitamin B<sub>12<\/sub><\/td>\n<td class=\"number\">1000 mcg\/kg<\/td>\n<\/tr>\n<tr>\n<td>Butylhydroxytoluen (E321)<\/td>\n<td class=\"number\"0,9 g\/kg<\/td>\n<\/tr>\n<table>\n<p><strong>Zusammensetzung<\/strong><br \/>\nNatriumchlorid, St\u00e4rke, Futterkalk, Kaliumchlorid<\/p>\n<p><strong><strong>Zusatzstoffe je kg<\/strong><br \/>\n<strong>Ern\u00e4hrungsphysiologische Zusatzstoffe<\/strong><\/strong><br \/>\n1000 mcg 3a835 Vitamin B<sub>12<\/sub><br \/>\n<strong>Antioxidationsmittel<\/strong><br \/>\n0,9 g E321 Butylhydroxytoluen<\/p>\n<p>Beachten Sie die f\u00fcr Sie geltenden Landesjagdgesetze.<\/p>\n","protected":false},"excerpt":{"rendered":"<p>Zur Einrichtung einer Kirrung. Paket mit komplettem Kirrautomaten (lineare Ausgabe), Suhlengold\u00ae Version 2017 und Salzdepot Ultra Plus. Aktionspreis EUR 159,00<\/p>\n","protected":false},"featured_media":7294,"comment_status":"open","ping_status":"closed","template":"","meta":[],"product_cat":[113,15],"product_tag":[],"_links":{"self":[{"href":"https:\/\/www.attratec.de\/en\/wp-json\/wp\/v2\/product\/7293"}],"collection":[{"href":"https:\/\/www.attratec.de\/en\/wp-json\/wp\/v2\/product"}],"about":[{"href":"https:\/\/www.attratec.de\/en\/wp-json\/wp\/v2\/types\/product"}],"replies":[{"embeddable":true,"href":"https:\/\/www.attratec.de\/en\/wp-json\/wp\/v2\/comments?post=7293"}],"wp:featuredmedia":[{"embeddable":true,"href":"https:\/\/www.attratec.de\/en\/wp-json\/wp\/v2\/media\/7294"}],"wp:attachment":[{"href":"https:\/\/www.attratec.de\/en\/wp-json\/wp\/v2\/media?parent=7293"}],"wp:term":[{"taxonomy":"product_cat","embeddable":true,"href":"https:\/\/www.attratec.de\/en\/wp-json\/wp\/v2\/product_cat?post=7293"},{"taxonomy":"product_tag","embeddable":true,"href":"https:\/\/www.attratec.de\/en\/wp-json\/wp\/v2\/product_tag?post=7293"}],"curies":[{"name":"wp","href":"https:\/\/api.w.org\/{rel}","templated":true}]}}