{"id":6723,"date":"2022-09-05T13:34:11","date_gmt":"2022-09-05T11:34:11","guid":{"rendered":"https:\/\/www.attratec.de\/?post_type=product&#038;p=6723"},"modified":"2022-10-03T19:14:14","modified_gmt":"2022-10-03T17:14:14","slug":"aktionsbundle-fallenmelder-smarttrap-premium-1-jahr-datenflatrate-attratec-no-9-karamell-50ml","status":"publish","type":"product","link":"https:\/\/www.attratec.de\/en\/shop\/aktionen\/aktionsbundle-fallenmelder-smarttrap-premium-1-jahr-datenflatrate-attratec-no-9-karamell-50ml","title":{"rendered":"Aktionsbundle Fallenmelder SmartTrap Premium + 1 Jahr Datenflatrate + AttraTec No 9 Karamell 50ml"},"content":{"rendered":"<p><span data-mce-type=\"bookmark\" style=\"display: inline-block; width: 0px; overflow: hidden; line-height: 0;\" class=\"mce_SELRES_start\">\ufeff<\/span><\/p>\n<h2> Aktionsbundle Fallenmelder SmartTrap Premium + 1 Jahr Datenflatrate + AttraTec No 9 Karamell 50ml <\/h2>\n<ul>\n<li>Aktionsbundle bestehend aus dem in D\u00e4nemark produzierten Qualit\u00e4tsfallenmelder SmartTrap Premium, einem Jahr kostenfreier<br \/>\n            Datenflatrate, einer AttraTec No 2 Anis Ultra und AttraTec No 9 Karamell 50ml<\/li>\n<li>Lieferumfang: SmartTrap Premium mit Zubeh\u00f6r (siehe unten), 1 Jahr Datenflatrate, AttraTec No 2 Anis Ultra, AttraTec No 9<br \/>\n            Karamell<\/li>\n<li>Mit dem Angebot sichern Sie sich einen Preisvorteil von bis zu 25% gegen\u00fcber der Hersteller-UVP!<\/li>\n<\/ul>\n<p><strong>Moderner Fallenmelder mit vielen Vorteilen<\/strong><\/p>\n<ul>\n<li> Qualitativ hochwertiger und effektiver Fallenmelder<\/li>\n<li>Enorme Zeit- und Geldeinsparung von mehr als 1000 \u20ac pro Jahr durch wegfallende Kontrollfahrten*\/**<\/li>\n<li>Kosteng\u00fcnstige Methode um Ihre jagdlichen Fallen zu \u00fcberwachen<\/li>\n<li>Drahtlose \u00dcberwachung und Software-Aktualisierungen<\/li>\n<li>Diebstahlsicher dank GPS-\u00dcberwachung<\/li>\n<li>Einfache Einrichtung und Bedienung \u00fcber Ihr Smartphone<\/li>\n<li>5 Jahre Garantie<\/li>\n<\/ul>\n<p>Der in D\u00e4nemark produzierte Fallenmelder SmartTrap Premium \u00fcberwacht auf einfache, schnelle, bequeme, aber auch sichere Art und Weise Ihre jagdlichen Fallen jeglicher Bauart! Sobald Ihre Falle zuschl\u00e4gt sendet SmartTrap ein Signal auf Ihr Smartphone. \u00c4u\u00dferst effektiver Niederwildschutz stehen hier ganz oben auf der Liste. Sie selbst hinterlassen nur wenige, minimiert geruchsst\u00f6rende F\u00e4hrten bei der gesetzlichen Kontrolle. Dar\u00fcber hinaus hat der Fallenmelder der d\u00e4nischen Firma dan|control einen positiven Einfluss auf die Umwelt, als auch auf Ihren Geldbeutel, da unn\u00f6tige Fahrtwege vermieden werden. Ebenfalls verf\u00fcgt SmartTrap Premium \u00fcber eine vorinstallierte Multinetz-Roaming SIM-Karte, die bei erstmaliger Registrierung des Produkts automatisch aktiviert wird ***. Auch verf\u00fcgt SmartTrap Premium \u00fcber drahtlose Funktionen, u.a FOTA Technologie (Firmware Over The Air), die automatische und kostenlose Aktualisierungen auf Ihrem Ger\u00e4t durchf\u00fchrt, auch wenn es im Einsatz ist. Wenn Sie Ihren Fallenmelder auf www.dancontrol.com registriert haben, erhalten Sie Zugriff auf den SmartTrap Server. Hier k\u00f6nnen Sie ausw\u00e4hlen, wo und wann der Status der Falle an Sie gesendet werden soll. Nat\u00fcrlich k\u00f6nnen Sie jederzeit den Status des Fallenmelders an seinem Standort jederzeit \u00fcber die App oder das Kontrollfeld auf www.dancontrol.com \u00fcberpr\u00fcfen.<\/p>\n<p><strong>Weitere Eigenschaften<\/strong><\/p>\n<ul>\n<li>5 Jahre Garantie ohne(!) Aufpreis<\/li>\n<li>Energiesparsam, die im Lieferumfang enthaltenen Batterien versorgen den Fallenmelder 1 Jahr lang mit Strom<\/li>\n<li>Temperatur\u00fcbermittlung und wasserfestes Kunststoffgeh\u00e4use nach IP 67<\/li>\n<li>Individuelle Standortbestimmung durch GPS<\/li>\n<li>Gesetzeskonform mit Funktion und Datenschutz: CE Mark, RED Zertifikat<\/li>\n<li>Stahlkabel sch\u00fctzt vor Durchbiss<\/li>\n<li>Freistehende Antenne f\u00fcr noch besseren Empfang an versteckten Orten f\u00fcr 14,50\u20ac erh\u00e4ltlich unter 1a-jagdbedarf.de<\/li>\n<\/ul>\n<p>Praxistipp:<br \/>\nWie f\u00fcr jedes sendef\u00e4hige Ger\u00e4t sollten Sie sicherstellen, dass der SmartTrap-Fallenmelder an dem Platz, an dem Sie ihn verwenden m\u00f6chten, einen guten Empfang hat. Eventuell kann die Verwendung einer freistehenden Antenne helfen. Denn nur so k\u00f6nnen Sie die Ger\u00e4te mit einem minimalen Stromverbrauch betreiben.<\/p>\n<p><strong>Lieferumfang<\/strong><\/p>\n<ul>\n<li>Fallenmelder SmartTrap Premium mit integrierter Antenne<\/li>\n<li> 4 Hochleistungsbatterien <\/li>\n<li>Vorinstallierte Multinetz Roaming SIM-Karte (eSIM)<\/li>\n<li>Drahtlose \u00dcberwachung und Software-Aktualisierungen<\/li>\n<li>Magnet-Ausl\u00f6ser, befestigt an einem Stahldraht<\/li>\n<li>Kabelbinder zur Fixierung an der Falle<\/li>\n<\/ul>\n<p>*Bitte beachten Sie das f\u00fcr Ihr Revier g\u00fcltige Landesjagdgesetz<br \/>\n**Berechnung der Einsparungen basiert auf den folgenden Annahmen:<br \/>\n*** Im ersten Jahr entf\u00e4llt die Geb\u00fchr f\u00fcr die Signal\u00fcbertragung, danach fallen pro Jahr 18,00\u20ac inkl. MwSt. f\u00fcr das Abonnement an.<\/p>\n<ul>\n<li>Kraftstoffverbrauch im Gel\u00e4nde: 10 l\/100km<\/li>\n<li>2 Kontrollfahrten \/ Tag \u00e0 12,5km<\/li>\n<li>Kontrollfahrten an 200 Tagen \/ Jahr<\/li>\n<li>Durchschnittlicher Spritpreis von 2\u20ac\/l<\/li>\n<li>j\u00e4hrliche Gesamteinsparung: 1000\u20ac<\/li>\n<\/ul>\n<h2>AttraTec No 9 Karamell, ein nat\u00fcrliches Lockmittel f\u00fcr alle heimischen Schalen- und Raubwildarten auf Basis von pflanzlichen Naturstoffen<\/h2>\n<ul>\n<li>Breite Lockwirkung auf Schalen- und Raubwild<\/li>\n<li>TOP-Qualit\u00e4t &#8211; enth\u00e4lt ausschlie\u00dflich Inhaltsstoffe mit Lebensmittelqualit\u00e4t<\/li>\n<li>Auch zur Fallenjagd geeignet, z.B. durch Auftr\u00e4ufeln auf K\u00f6der, da sowohl Geruchs- und Geschmackssinn verst\u00e4rkt angesprochen werden<\/li>\n<li>Nicht f\u00fcr den menschlichen Verzehr geeignet<\/li>\n<\/ul>\n<p>AttraTec No 9 Karamell ist ein nat\u00fcrliches Lockmittel mit einem angenehmen, intensiven Karamellgeruch, f\u00fcr den sich alle heimischen Schalen- und Raubwildarten begeistern k\u00f6nnen. Ausgew\u00e4hlte, pflanzenbasierte Inhaltsstoffe in Lebensmittelqualit\u00e4t garantieren eine TOP-Produktqualit\u00e4t.<\/p>\n<p>Mit AttraTec No 9 Karamell l\u00e4sst sich die Attraktivit\u00e4t von Kirrpl\u00e4tzen, Salzlecken, Luderpl\u00e4tzen und Fallen deutlich steigern, denn wenn es gut riecht und schmeckt, f\u00fchlt sich Ihr Wild ganz besonders wohl. Das Lockmittel kann z.B. einfach in der unmittelbaren N\u00e4he von Kirrgut, Salzlecken und Luderpl\u00e4tzen ausgebracht werden. Insbesondere beeinflusst das Auftr\u00e4ufeln weniger Tropfen AttraTec No 9 auf einen geeigneten Raubwild-K\u00f6der den Geschmacks- und Geruchssinn \u00fcberaus positiv.<\/p>\n<h2>AttraTec No 2 Anis Ultra, Intensivlockmittel mit Langzeiteffekt<\/h2>\n<ul>\n<li>Sehr intensiver Anisgeruch f\u00fcr sofortige Lockwirkung<\/li>\n<li>Sehr lang anhaltende Wirkung durch Depotbildner<\/li>\n<li>Breites Wirkungsspektrum (u.a. Raubwild, Schwarzwild, Rehwild, Tauben)<\/li>\n<li>Frei von bedenklichen Nebenkomponenten des Anis\u00f6ls<\/li>\n<li>Einfache Anwendung auch in der K\u00e4lte bis mindestens \u2013 10\u00b0C<\/li>\n<li>H\u00f6chste Lagerstabilit\u00e4t<\/li>\n<\/ul>\n<p>Bitte beachten Sie das f\u00fcr Ihr Revier g\u00fcltige Landesjagdgesetz.<\/p>\n<p><img decoding=\"async\" style=\"width: 100px; float: left; margin: 0 15px 0 0;\" src=\"https:\/\/www.attratec.de\/wp-content\/uploads\/2020\/10\/ghs_flame.png\" \/> <img decoding=\"async\" style=\"width: 100px; float: left; margin: 0 15px 0 0;\" src=\"https:\/\/www.attratec.de\/wp-content\/uploads\/2020\/10\/ghs_exclam.png\" \/><\/p>\n<p>GEFAHR: Extrem entz\u00fcndbares Aerosol. Beh\u00e4lter steht unter Druck: Kann bei Erw\u00e4rmen bersten. Verursacht schwere Augenreizung. Von Hitze, hei\u00dfen Oberfl\u00e4chen, Funken, offenen Flammen sowie anderen Z\u00fcndquellen fernhalten. Nicht rauchen. Nicht gegen offene Flamme oder andere Z\u00fcndquelle spr\u00fchen. Nicht durchstechen oder verbrennen, auch nicht nach Gebrauch. BEI KONTAKT MIT DEN AUGEN: Einige Minuten lang behutsam mit Wasser sp\u00fclen. Eventuell vorhandene Kontaktlinsen nach M\u00f6glichkeit entfernen. Weiter sp\u00fclen. Vor Sonnenstrahlung sch\u00fctzen. Nicht Temperaturen \u00fcber 50 \u00b0C aussetzen. Inhalt \/ Beh\u00e4lter Recycling zuf\u00fchren.<\/p>\n<p style=\"font-size: 0.7em;\">*GHS-Kennzeichnung Anis\u00f6l: Kann allergische Hautreaktionen verursachen; Kann vermutlich genetische Defekte verursachen. Kann vermutlich Krebs erzeugen. Giftig f\u00fcr Wasserorganismen, mit langfristiger Wirkung.<\/p>\n<p><img\n  src=\"https:\/\/www.attratec.de\/wp-content\/uploads\/2020\/10\/trashcan.png\"\n  style=\"width: 50px; float: left; margin: 0 15px 0 0\"\n\/><\/p>\n<p><a href=\"https:\/\/www.attratec.de\/batteriegesetz\" rel=\"noopener\" target=\"_blank\">Hinweis auf Batterie- und Elektro G (\u00a7 18 BattG i.V.m. \u00a7 10 Abs. 1 ElektroG)<\/a><\/p>\n","protected":false},"excerpt":{"rendered":"<p>\ufeff Aktionsbundle Fallenmelder SmartTrap Premium + 1 Jahr Datenflatrate + AttraTec No 9 Karamell 50ml Aktionsbundle bestehend aus dem in D\u00e4nemark produzierten Qualit\u00e4tsfallenmelder SmartTrap Premium, einem Jahr kostenfreier Datenflatrate, einer AttraTec No 2 Anis Ultra und AttraTec No 9 Karamell 50ml Lieferumfang: SmartTrap Premium mit Zubeh\u00f6r (siehe unten), 1 Jahr Datenflatrate, AttraTec No 2 Anis [&#8230;] <a href=\"https:\/\/www.attratec.de\/en\/shop\/aktionen\/aktionsbundle-fallenmelder-smarttrap-premium-1-jahr-datenflatrate-attratec-no-9-karamell-50ml\">read more<\/a><\/p>\n","protected":false},"featured_media":6732,"comment_status":"open","ping_status":"closed","template":"","meta":[],"product_cat":[113,15],"product_tag":[],"_links":{"self":[{"href":"https:\/\/www.attratec.de\/en\/wp-json\/wp\/v2\/product\/6723"}],"collection":[{"href":"https:\/\/www.attratec.de\/en\/wp-json\/wp\/v2\/product"}],"about":[{"href":"https:\/\/www.attratec.de\/en\/wp-json\/wp\/v2\/types\/product"}],"replies":[{"embeddable":true,"href":"https:\/\/www.attratec.de\/en\/wp-json\/wp\/v2\/comments?post=6723"}],"wp:featuredmedia":[{"embeddable":true,"href":"https:\/\/www.attratec.de\/en\/wp-json\/wp\/v2\/media\/6732"}],"wp:attachment":[{"href":"https:\/\/www.attratec.de\/en\/wp-json\/wp\/v2\/media?parent=6723"}],"wp:term":[{"taxonomy":"product_cat","embeddable":true,"href":"https:\/\/www.attratec.de\/en\/wp-json\/wp\/v2\/product_cat?post=6723"},{"taxonomy":"product_tag","embeddable":true,"href":"https:\/\/www.attratec.de\/en\/wp-json\/wp\/v2\/product_tag?post=6723"}],"curies":[{"name":"wp","href":"https:\/\/api.w.org\/{rel}","templated":true}]}}