{"id":6580,"date":"2022-05-15T14:18:34","date_gmt":"2022-05-15T12:18:34","guid":{"rendered":"https:\/\/www.attratec.de\/?post_type=product&#038;p=6580"},"modified":"2025-12-11T13:23:16","modified_gmt":"2025-12-11T12:23:16","slug":"attratec-insektenschutz-3-zum-preis-von-2-gueltig-bis-31-5-2022","status":"publish","type":"product","link":"https:\/\/www.attratec.de\/en\/shop\/pflege-trophy\/attratec-insektenschutz-3-zum-preis-von-2-gueltig-bis-31-5-2022","title":{"rendered":"AttraTec Insektenschutz, 3 zum Preis von 2"},"content":{"rendered":"<h2>Zuverl\u00e4ssiger Schutz vor M\u00fcckenstichen und Zeckenbissen<\/h2>\n<ul>\n<li>3 zum Preis f\u00fcr 2, g\u00fcltig bis 26.5.2024<\/li>\n<li>Zeckenschutz bis 10 Stunden<\/li>\n<li>M\u00fcckenschutz bis 8 Stunden<\/li>\n<li>Einfache Anwendung aus der handlichen Pumpsprayflasche<\/li>\n<\/ul>\n<p>AttraTec Insektenschutz Pumpspray sch\u00fctz zuverl\u00e4ssig vor M\u00fccken (bis 8 Stunden) und Zecken (bis 10 Stunden). Da Zecken und M\u00fccken ein zunehmendes Gesundheitsrisiko darstellen, empfielt sich, das AttraTec Insektenschutz Pumpspray leicht zug\u00e4nglich im Rucksack zu verstauen. Es wird ganz direkt aus der Pumpspr\u00fchflasche auf entsprechende Hautbereiche aufgetragen und leicht verrieben. Als Faustregel gilt: f\u00fcr den Unterarm eines Erwachsenen werden 5-6 Spr\u00fchst\u00f6\u00dfe ben\u00f6tigt, wobei die aufgespr\u00fchte Fl\u00fcssigkeit anschlie\u00dfend gut zu verreiben ist. F\u00fcr eine Anwendung im Gesicht spr\u00fcht man zun\u00e4chst das Produkt in die H\u00e4nde und verreibt dann die Fl\u00fcssigkeit sparsam im Gesicht. Das registrierte Biozid umfasst die Anwendung bei Kleinkindern ab 2 Jahren. \u00dcbrigens: Nach einem Schwimmbadbesuch oder starkem Schwitzen kann eine wiederholte Auftragung ratsam sein.<\/p>\n<p><img\n  src=\"https:\/\/www.attratec.de\/wp-content\/uploads\/2020\/10\/ghs_flame.png\"\n  style=\"width: 100px; float: left; margin: 0 15px 0 0\"\n\/><\/p>\n<p><img\n  src=\"https:\/\/www.attratec.de\/wp-content\/uploads\/2020\/10\/ghs_exclam.png\"\n  style=\"width: 100px; float: left; margin: 0 15px 0 0\"\n\/><\/p>\n<p><strong>ACHTUNG!<\/strong> Enth\u00e4lt Ethanol. Fl\u00fcssigkeit und Dampf entz\u00fcndbar. Verursacht schwere Augenreizung. Darf nicht in die H\u00e4nde von Kindern gelangen. Von Hitze, hei\u00dfen Oberfl\u00e4chen, Funken, offenen Flammen und anderen Z\u00fcndquellen fernhalten. Nicht rauchen. Nicht auf gesch\u00e4digten Hautstellen (z.B. bei Sonnenbrand) anwenden. Sollten Reizungen auftreten, Anwendung aussetzen. BEI VERSCHLUCKEN: Sofort GIFTINFORMATIONSZENTRUM oder Arzt anrufen. BEI KONTAKT MIT DEN AUGEN: Einige Minuten lang behutsam mit Wasser sp\u00fclen. Eventuell vorhandene Kontaktlinsen nach M\u00f6glichkeit entfernen. Weiter sp\u00fclen. Bei anhaltender Augenreizung: \u00c4rztlichen Rat einholen, \u00e4rztliche Hilfe hinzuziehen. Nur in gut bel\u00fcfteten Bereichen anwenden. Einatmen von Nebel vermeiden. Kontakt mit Lebensmitteln vermeiden. Inhalt\/Beh\u00e4lter gem\u00e4\u00df den \u00f6rtlichen Vorschriften entsorgen.<\/p>\n<p>Biozidprodukt. Vorsichtig verwenden. Vor Gebrauch stets Etikett und Produktinformationen lesen.<\/p>\n<p>Verwendung: Repellent<br \/>\nWirkstoff: 20g\/100g (20%) Icaridin (Saltidin<sup>\u00ae<\/sup>)*<br \/>\nBAuA-Reg.-Nr.: N-95536, Pumpspray.<br \/>\nUFI: 6J7Y-58MJ-2006-KT5X.<br \/>\n*eingetragene Marke der Saltigo GmbH, Deutschland. Hergestellt in der EU.<\/p>\n<p><script type=\"application\/ld+json\">\n\t{\n\t\t\"@context\": \"https:\/\/schema.org\/\",\n\t\t\"@type\": \"Product\",\n\t\t\"name\": \"AttraTec Insektenschutz Pumpspray, 100 ml\",\n\t\t\"image\": \"https:\/\/www.attratec.de\/wp-content\/uploads\/2021\/01\/attratec_no_14_200ml.jpg\",\n\t\t\"description\": \"Zuverl\u00e4ssiger Schutz vor M\u00fcckenstichen und Zeckenbissen\",\n\t\t\"brand\": \"AttraTec\",\n\t\t\"gtin13\": \"4260335480380\",\n\t\t\"sku\": \"90036-1\",\n\t\t\"offers\": {\n\t\t\t\"@type\": \"Offer\",\n\t\t\t\"url\": \"https:\/\/www.attratec.de\/shop\/pflege-trophy\/attratec-insektenschutz-pumpspray-100-ml\",\n\t\t\t\"priceCurrency\": \"EUR\",\n\t\t\t\"price\": \"23,70\",\n\t\t\t\"availability\": \"https:\/\/schema.org\/InStock\",\n\t\t\t\"itemCondition\": \"https:\/\/schema.org\/NewCondition\"\n\t\t}\n\t}\n<\/script><\/p>\n","protected":false},"excerpt":{"rendered":"<p>Zuverl\u00e4ssiger Schutz vor M\u00fcckenstichen und Zeckenbissen<\/p>\n","protected":false},"featured_media":8197,"comment_status":"open","ping_status":"closed","template":"","meta":[],"product_cat":[113,69],"product_tag":[123,120,124,122,121],"_links":{"self":[{"href":"https:\/\/www.attratec.de\/en\/wp-json\/wp\/v2\/product\/6580"}],"collection":[{"href":"https:\/\/www.attratec.de\/en\/wp-json\/wp\/v2\/product"}],"about":[{"href":"https:\/\/www.attratec.de\/en\/wp-json\/wp\/v2\/types\/product"}],"replies":[{"embeddable":true,"href":"https:\/\/www.attratec.de\/en\/wp-json\/wp\/v2\/comments?post=6580"}],"wp:featuredmedia":[{"embeddable":true,"href":"https:\/\/www.attratec.de\/en\/wp-json\/wp\/v2\/media\/8197"}],"wp:attachment":[{"href":"https:\/\/www.attratec.de\/en\/wp-json\/wp\/v2\/media?parent=6580"}],"wp:term":[{"taxonomy":"product_cat","embeddable":true,"href":"https:\/\/www.attratec.de\/en\/wp-json\/wp\/v2\/product_cat?post=6580"},{"taxonomy":"product_tag","embeddable":true,"href":"https:\/\/www.attratec.de\/en\/wp-json\/wp\/v2\/product_tag?post=6580"}],"curies":[{"name":"wp","href":"https:\/\/api.w.org\/{rel}","templated":true}]}}