{"id":6066,"date":"2022-02-26T21:24:18","date_gmt":"2022-02-26T20:24:18","guid":{"rendered":"https:\/\/www.attratec.de\/?post_type=product&#038;p=6066"},"modified":"2025-06-04T13:36:27","modified_gmt":"2025-06-04T11:36:27","slug":"drei-fallenmelder-smarttrap-original-b-ware-und-attratec-no-2-anis-ultra-50-ml","status":"publish","type":"product","link":"https:\/\/www.attratec.de\/en\/shop\/aktionen\/drei-fallenmelder-smarttrap-original-b-ware-und-attratec-no-2-anis-ultra-50-ml","title":{"rendered":"Drei Fallenmelder SmartTrap Original (B-Ware) und AttraTec No 2 Anis Ultra, 50 ml"},"content":{"rendered":"<h2>Drei Qualit\u00e4tsfallenmelder und ein Intensivlockmittel mit Langzeiteffekt<\/h2>\n<p>Wir bieten diese Kombination aus drei Fallenmelder SmartTrap Original (B-Ware wegen Label-Fehler; funktioniert technisch einwandfrei!) und AttraTec No 2 Anis Ultra zum Vorteilspreis von 299,95 \u20ac an, solange der Vorrat reicht.<\/p>\n<h2>Fallenmelder SmartTrap Original (B-Ware)<\/h2>\n<ul>\n<li>Tierschutzgerechter wie auch gesetzeskonformer Fallenmelder<\/li>\n<li>Kosteng\u00fcnstige Methode um Ihre jagdlichen Fallen zu \u00fcberwachen<\/li>\n<li>Drahtlose \u00dcberwachung und Software-Aktualisierungen<\/li>\n<li>Einfache Einrichtung und Bedienung \u00fcber Ihr Smartphone<\/li>\n<li>Hohe Qualit\u00e4t<\/li>\n<li>B-Ware: technisch einwandfrei &#8211; nur falsches Produktlabel<\/li>\n<\/ul>\n<p><strong>Moderner Fallenmelder mit vielen Vorteilen<\/strong><\/p>\n<p>Der in D\u00e4nemark produzierte Fallenmelder SmartTrap Original \u00fcberwacht auf einfache, schnelle, bequeme, aber auch sichere Art und Weise Ihre jagdlichen Fallen jeglicher Bauart! Sobald Ihre Falle zuschl\u00e4gt sendet SmartTrap ein Signal auf Ihr Smartphone. Tierschutzgerechter und gesetzeskonformer Niederwildschutz stehen hier ganz oben auf der Liste. Sie selbst hinterlassen nur wenige, minimiert geruchsst\u00f6rende F\u00e4hrten bei der gesetzlichen Kontrolle. Dar\u00fcber hinaus hat der Fallenmelder der d\u00e4nischen Firma dancontrol einen positiven Einfluss auf die Umwelt, als auch auf Ihren Geldbeutel, da unn\u00f6tige Fahrtwege vermieden werden. Ebenfalls verf\u00fcgt SmartTrap Original \u00fcber eine vorinstallierte Multinetz-Roaming SIM-Karte, die bei erstmaliger Registrierung des Produkts automatisch aktiviert wird*. Auch verf\u00fcgt SmartTrap Original \u00fcber drahtlose Funktionen, u.a FOTA Technologie (Firmware Over The Air), die automatische und kostenlose Aktualisierungen auf Ihrem Ger\u00e4t durchf\u00fchrt, auch wenn es im Einsatz ist. Wenn Sie Ihren Fallenmelder auf www.dancontrol.com registriert haben, erhalten Sie Zugriff auf den SmartTrap Server. Hier k\u00f6nnen Sie ausw\u00e4hlen, wo und wann der Status der Falle an Sie gesendet werden soll. Nat\u00fcrlich k\u00f6nnen Sie jederzeit den Status des Fallenmelders an seinem Standort jederzeit \u00fcber die App oder das Kontrollfeld auf www.dancontrol.com \u00fcberpr\u00fcfen.<br \/>\n*Die Geb\u00fchr f\u00fcr das Abonnement f\u00fcr die Signal\u00fcbertragung bel\u00e4uft sich auf 18,00\u20ac\/12 Monate, weiter Informationen auf www.dancontrol.com<\/p>\n<p><strong>Weitere Eigenschaften<\/strong><\/p>\n<ul>\n<li>Garantieverl\u00e4ngerung von zus\u00e4tzlichen 3 Jahren f\u00fcr einmalig 29,95\u20ac m\u00f6glich<\/li>\n<li>Individuelle Standortbestimmung durch GPS<\/li>\n<li>Temperatur\u00fcbermittlung und wasserfestes Kunststoffgeh\u00e4use nach IP 67<\/li>\n<li>Gesetzeskonform mit Funktion und Datenschutz: CE Mark, RED Zertifikat<\/li>\n<li>Stahlkabel sch\u00fctzt vor Durchbiss<\/li>\n<li>Freistehende Antenne f\u00fcr noch besseren Empfang an versteckten Orten f\u00fcr 14,50\u20ac erh\u00e4ltlich unter 1a-jagdbedarf.de<\/li>\n<\/ul>\n<p><strong>Lieferumfang<\/strong><\/p>\n<ul>\n<li>Fallenmelder SmartTrap Original (B-Ware, falscher Label) mit integrierter Antenne<\/li>\n<li>Vorinstallierte Multinetz Roaming SIM-Karte (eSIM)<\/li>\n<li>Drahtlose \u00dcberwachung und Software-Aktualisierungen<\/li>\n<li>Magnet-Ausl\u00f6ser, befestigt an einem Stahldraht<\/li>\n<li>Kabelbinder zur Fixierung an der Falle<\/li>\n<\/ul>\n<h2>AttraTec No 2 Anis Ultra, Intensivlockmittel mit Langzeiteffekt<\/h2>\n<ul>\n<li>Sehr intensiver Anisgeruch f\u00fcr sofortige Lockwirkung<\/li>\n<li>Sehr lang anhaltende Wirkung durch Depotbildner<\/li>\n<li>Breites Wirkungsspektrum (u.a. Raubwild, Schwarzwild, Rehwild, Tauben)<\/li>\n<li>Frei von bedenklichen Nebenkomponenten des Anis\u00f6ls<\/li>\n<li>Einfache Anwendung auch in der K\u00e4lte bis mindestens \u2013 10\u00b0C<\/li>\n<li>H\u00f6chste Lagerstabilit\u00e4t<\/li>\n<\/ul>\n<h2>Anis \u2013 ganz neu erfunden: Geht das \u00fcberhaupt?<\/h2>\n<p><strong>Nachteile herk\u00f6mmlichen Anis\u00f6ls<\/strong><\/p>\n<p>Viele J\u00e4ger nutzen herk\u00f6mmliches Anis\u00f6l seit langer Zeit al Lockmittel f\u00fcr eine Vielzahl von Wildarten. Dabei hat herk\u00f6mmliches Anis\u00f6l, das eine Mischung aus verschiedenen Komponenten ist, eine ganze Reihe von Nachteilen:<\/p>\n<ul>\n<li>Anis\u00f6l ist sehr empfindlich gegen\u00fcber Luftsauerstoff, wodurch die Lockwirkung und die Lagerstabilit\u00e4t leiden.<\/li>\n<li>Die hohe Fl\u00fcchtigkeit von Anis\u00f6l begrenzt seine Wirkungsdauer.<\/li>\n<li>Anis\u00f6l verfestigt sich bei Temperaturen unter 18\u00b0C, das f\u00fchrt dazu, dass gerade im Herbst und Winter herk\u00f6mmliches Anis\u00f6l zun\u00e4chst erw\u00e4rmt werden muss, bevor es ausgebracht werden kann \u2013nicht gerade anwenderfreundlich.<\/li>\n<li>Der gr\u00f6\u00dfte Nachteil f\u00fcr den J\u00e4ger ist die Gesundheitsgef\u00e4hrdung durch Anis\u00f6l: Anis\u00f6l enth\u00e4lt eine Nebenkomponente mit allergie- und potentiell krebsausl\u00f6sender Wirkung. Das f\u00fchrt dazu, da\u00df herk\u00f6mmliches Anis\u00f6l entsprechend gekennzeichnet werden muss* und im Umgang speziellen Sicherheitsma\u00dfnahmen unterliegt<\/li>\n<\/ul>\n<p><strong>Das Know How hinter AttraTec No 2 Anis Ultra<\/strong><\/p>\n<p>AttraTec hat in Forschungs- und Entwicklungsstudien die Schwachstellen von gew\u00f6hnlichem Anis\u00f6l aufgegriffen und erfolgreich beseitigt. Das Ergebnis: AttraTec No 2 Anis Ultra. AttraTec No 2 Anis Ultra zeichnet sich durch einen sehr intensiven Anisgeruch aus, der sich nach ca. 1 Minute entfaltet und lange anh\u00e4lt. Die Lockwirkung setzt sofort ein und h\u00e4lt lange an. Grundlage f\u00fcr die intensive und lange Wirkung sind zum einen aus der Natur \u00fcbernommene Schutzmolek\u00fcle, die einen Abbau des Wirkstoffs durch Luftsauerstoff stark verlangsamen, zum anderen wird das Verfl\u00fcchtigen des Wirkstoffs durch einen Depotbildner verlangsamt. Durch die Formulierung von AttraTec No2 Anis Ultra als fl\u00fcssiges Aerosol und Abf\u00fcllung in Spraydosen wird nicht nur die Anwenderfreundlichkeit bei niedrigen Temperaturen erh\u00f6ht, sondern auch die Lagerstabilit\u00e4t verbessert.<\/p>\n<p><strong>Einfache und sichere Anwendung &#8211; hohe Ergiebigkeit<\/strong><\/p>\n<p>Nach 1-2 kurzen Spr\u00fchst\u00f6\u00dfen auf die Zielfl\u00e4che wird die Dose auf den Kopf gestellt und noch einmal kurz gespr\u00fcht, bis keine Fl\u00fcssigkeit mehr austritt. Selbstverst\u00e4ndlich auch auf die Zielfl\u00e4che. Der Inhalt einer Dose reicht so f\u00fcr 75 bis 100 Anwendungen.<\/p>\n<p>Und \u2013 was am wichtigsten ist \u2013 durch Elimination der bedenklichen Nebenkomponenten des Anis\u00f6ls, besteht bei AttraTec No 2 Anis Ultra f\u00fcr den J\u00e4ger kein Gesundheitsrisiko mehr.<\/p>\n<p>\u201eAnis \u2013 ganz neu erfunden\u201c \u2013 es geht: AttraTec No 2 Anis Ultra \u2013 unser innovativer Allrounder \u2013 sowie AttraTec No 3 Anis Pur f\u00fcr die klassische Anwendung sind der Beweis daf\u00fcr.<\/p>\n<p>Bitte beachten Sie das f\u00fcr Ihr Revier g\u00fcltige Landesjagdgesetz.<\/p>\n<p><img decoding=\"async\" style=\"width: 100px; float: left; margin: 0 15px 0 0;\" src=\"https:\/\/www.attratec.de\/wp-content\/uploads\/2020\/10\/ghs_flame.png\" \/> <img decoding=\"async\" style=\"width: 100px; float: left; margin: 0 15px 0 0;\" src=\"https:\/\/www.attratec.de\/wp-content\/uploads\/2020\/10\/ghs_exclam.png\" \/><\/p>\n<p>GEFAHR: Extrem entz\u00fcndbares Aerosol. Beh\u00e4lter steht unter Druck: Kann bei Erw\u00e4rmen bersten. Verursacht schwere Augenreizung. Von Hitze, hei\u00dfen Oberfl\u00e4chen, Funken, offenen Flammen sowie anderen Z\u00fcndquellen fernhalten. Nicht rauchen. Nicht gegen offene Flamme oder andere Z\u00fcndquelle spr\u00fchen. Nicht durchstechen oder verbrennen, auch nicht nach Gebrauch. BEI KONTAKT MIT DEN AUGEN: Einige Minuten lang behutsam mit Wasser sp\u00fclen. Eventuell vorhandene Kontaktlinsen nach M\u00f6glichkeit entfernen. Weiter sp\u00fclen. Vor Sonnenstrahlung sch\u00fctzen. Nicht Temperaturen \u00fcber 50 \u00b0C aussetzen. Inhalt \/ Beh\u00e4lter Recycling zuf\u00fchren.<\/p>\n<p style=\"font-size: 0.7em;\">*GHS-Kennzeichnung Anis\u00f6l: Kann allergische Hautreaktionen verursachen; Kann vermutlich genetische Defekte verursachen. Kann vermutlich Krebs erzeugen. Giftig f\u00fcr Wasserorganismen, mit langfristiger Wirkung.<\/p>\n","protected":false},"excerpt":{"rendered":"<p>Drei Qualit\u00e4tsfallenmelder SmartTrap und Intensivlockmittel mit Langzeiteffekt<\/p>\n","protected":false},"featured_media":6034,"comment_status":"open","ping_status":"closed","template":"","meta":[],"product_cat":[113,64],"product_tag":[100],"_links":{"self":[{"href":"https:\/\/www.attratec.de\/en\/wp-json\/wp\/v2\/product\/6066"}],"collection":[{"href":"https:\/\/www.attratec.de\/en\/wp-json\/wp\/v2\/product"}],"about":[{"href":"https:\/\/www.attratec.de\/en\/wp-json\/wp\/v2\/types\/product"}],"replies":[{"embeddable":true,"href":"https:\/\/www.attratec.de\/en\/wp-json\/wp\/v2\/comments?post=6066"}],"wp:featuredmedia":[{"embeddable":true,"href":"https:\/\/www.attratec.de\/en\/wp-json\/wp\/v2\/media\/6034"}],"wp:attachment":[{"href":"https:\/\/www.attratec.de\/en\/wp-json\/wp\/v2\/media?parent=6066"}],"wp:term":[{"taxonomy":"product_cat","embeddable":true,"href":"https:\/\/www.attratec.de\/en\/wp-json\/wp\/v2\/product_cat?post=6066"},{"taxonomy":"product_tag","embeddable":true,"href":"https:\/\/www.attratec.de\/en\/wp-json\/wp\/v2\/product_tag?post=6066"}],"curies":[{"name":"wp","href":"https:\/\/api.w.org\/{rel}","templated":true}]}}