{"id":6062,"date":"2022-02-26T21:02:43","date_gmt":"2022-02-26T20:02:43","guid":{"rendered":"https:\/\/www.attratec.de\/?post_type=product&#038;p=6062"},"modified":"2022-04-01T23:14:17","modified_gmt":"2022-04-01T21:14:17","slug":"9-jubilaeumsangebot-10-jahre-suhlengold","status":"publish","type":"product","link":"https:\/\/www.attratec.de\/en\/shop\/aktionen\/9-jubilaeumsangebot-10-jahre-suhlengold","title":{"rendered":"9. Jubil\u00e4umsangebot 10 Jahre Suhlengold"},"content":{"rendered":"<h2>AttraTec No 1 Suhlengold Version 2017 und AttraTec 16 Saldepot Plus<\/h2>\n<p><strong> Angebot &#8211; solage der Vorrat reicht<\/strong><br \/>\nDies ist ein TOP-Angeboten zum 10-j\u00e4hrigen Jubil\u00e4um von Suhlengold: Zwei Flaschen AttraTec No 1 Suhlengold Version 2017, ein TOP-Qualit\u00e4tsprodukt, das zur absoluten Spitzenklasse von Malbaumprodukten geh\u00f6rt, sowie AttraTec No 16 Salzdepot PLus &#8211; eine flexibel anwendbare Salzquelle mit Vitamin B12. Auf die Aktionsware k\u00f6nnen keine Rabatte oder Coupons angewendet werden.<\/p>\n<h2>AttraTec No 1 Suhlengold Version 2017<\/h2>\n<p><strong>SAUEN, SICHER\u2026<\/strong><br \/>\nDie Rezeptur von Suhlengold\u00ae Version 2017 basiert &#8211; wie sein \u00e4lterer Bruder &#8211; auf einer Kombination von Buchenholzteer und pflanzlichen Lockstoffen und neutralisiert so den scharfen Geruch des enthaltenen Buchenholzteeres. Dar\u00fcber hinaus verst\u00e4rken diese Stoffe synergistisch die Lockwirkung von reinem Buchenholzteer.<\/p>\n<p><strong>ENDLICH OHNE HILFSMITTEL<\/strong><br \/>\nDie Rezeptur von AttraTec No 1 Suhlengold\u00ae Version 2017 erm\u00f6glicht die Ausbringung direkt aus der handlichen Flasche \u2013 ohne Hilfsmittel: Aus der Dosiert\u00fclle k\u00f6nnen Sie Suhlengold\u00ae Version 2017 ohne Tropfen und Kleckern ausbringen und die Flasche dann wieder problemlos kleckerfrei und geruchsdicht verschlie\u00dfen. Nat\u00fcrlich kann Suhlengold\u00ae Version 2017 auch bei niedrigen Temperaturen in Herbst und Winter einfach ausgebracht werden.<\/p>\n<p><strong>RIECHT NUR, WO ES SOLL<\/strong><br \/>\nAttraTec No 1 Suhlengold\u00ae Version 2017 entfaltet seine Lockwirkung dort, wo es gew\u00fcnscht ist \u2013 am Malbaum. Nach Gebrauch wird die Flasche mit einem immer wieder dicht schlie\u00dfenden Schraubverschluss verschlossen.<\/p>\n<p>Anschlie\u00dfend kann die Flasche im mitgelieferten, wiederverschlie\u00dfbaren Alubeutel verpackt und geruchsfrei transportiert sowie gelagert werden. Damit setzt AttraTec einen mehrfach ge\u00e4u\u00dferten Kundenwunsch um.<\/p>\n<p>\u00dcbrigens, die Flasche h\u00e4lt auch dann dicht, wenn es einmal etwas turbulenter zugeht: Wir haben Fallversuche durchgef\u00fchrt in denen unsere Flaschen auch St\u00fcrze aus 2 m H\u00f6he unbeschadet \u00fcberstanden haben.<\/p>\n<p>\u00dcbrigens: sollte es einmal dazu kommen, dass ein Tropfen auf Flasche oder Flaschenhals f\u00e4llt, dann den Tropfen einfach z.B. mit einem Papiertaschentuch wegwischen, bevor die Flasche in den wiederverschlie\u00dfbaren Beutel gesteckt wird!<\/p>\n<p><strong>SPARSAM BIS ZUM LETZTEN TROPFEN<\/strong><br \/>\nAttraTec No 1 Suhlengold\u00ae Version 2017 ist sehr wirksam und muss daher nur in vergleichsweise kleinen Mengen am Malbaum ausgebracht werden. Ungef\u00e4hr 50 g reichen f\u00fcr eine Anwendung. Eine 1 kg Flasche AttraTec No 1 Suhlengold\u00ae Version 2017 reicht damit f\u00fcr ca. 20 Anwendungen. Weil die Viskosit\u00e4t im Vergleich zu konventionellem Buchenholzteer viel niedriger ist, k\u00f6nnen Sie AttraTec No1 Suhlengold\u00ae Version 2017 fast bis zum letzten Tropfen aus der Flasche entleeren \u2013 und zwar zu mehr als 99%.<\/p>\n<p>Bitte beachten Sie das f\u00fcr Ihr Revier g\u00fcltige Landesjagdgesetz.<\/p>\n<p><img decoding=\"async\" style=\"width: 100px; float: left; margin: 0 15px 0 0;\" src=\"https:\/\/www.attratec.de\/wp-content\/uploads\/2020\/10\/ghs_exclam.png\" \/><\/p>\n<p>ACHTUNG: Verursacht Hautreizungen. Kann allergische Hautreaktionen verursachen. Verursacht schwere Augenreizung. Sch\u00e4dlich f\u00fcr Wasserorganismen, mit langfristiger Wirkung. Einatmen von Staub\/Rauch\/Gas\/Nebel\/Dampf\/Aerosol vermeiden. Schutzhandschuhe\/Schutzkleidung\/Augenschutz\/Gesichtsschutz tragen. Bei Hautreizung oder -ausschlag: \u00c4rztlichen Rat einholen\/\u00e4rztliche Hilfe hinzuziehen. Bei anhaltender Augenreizung: \u00c4rztlichen Rat einholen\/\u00e4rztliche Hilfe hinzuziehen. Kontaminierte Kleidung ausziehen und vor erneutem Tragen waschen.Enth\u00e4lt Holzteer (EC-Nummer:294-436-0), trans-1-Methoxy-4-(1-pro\u00fcpenyl)benzol.<\/p>\n<p><script type=\"application\/ld+json\">\n{\n  \"@context\": \"https:\/\/schema.org\/\", \n  \"@type\": \"Product\", \n  \"name\": \"AttraTec No 1 Suhlengold\u00ae, 1 kg\",\n  \"image\": \"https:\/\/www.attratec.de\/wp-content\/uploads\/2019\/06\/attratec_no_1_v_2017_1kg.jpg\",\n  \"description\": \"Bioaktives Lockmittel f\u00fcr Schwarz- und Rotwild auf Basis von Buchenholzteer und pflanzlichen Lockstoffen\",\n  \"brand\": \"AttraTec\",\n  \"gtin13\": \"4260335480069\",\n  \"sku\": \"10001-1\",\n  \"offers\": {\n    \"@type\": \"Offer\",\n    \"url\": \"https:\/\/www.attratec.de\/shop\/lockmittel-malbaum\/no-1-suhlengold\",\n    \"priceCurrency\": \"EUR\",\n    \"price\": \"29.95\",\n    \"availability\": \"https:\/\/schema.org\/InStock\",\n    \"itemCondition\": \"https:\/\/schema.org\/NewCondition\"\n  }\n}\n<\/script><\/p>\n<h2>AttraTec No 16 Salzdepot Plus: Geignet zur flexiblen ganzj\u00e4hrigen Versorgung Ihres Wildes mit Mineralien und zur Wildschadenreduktion<\/h2>\n<ul>\n<li>Unterst\u00fctzt die Versorgung mit Vitamin B12 und kann so zur Reduktion von Wildsch\u00e4den beitragen<\/li>\n<li>Enth\u00e4lt hochwertige Mineralien<\/li>\n<li>Flexible Anwendung als Pulver oder Paste<\/li>\n<li>F\u00fcr alle Schalenwildarten geeignet<\/li>\n<\/ul>\n<p>Das besondere an AttraTec No 16 Salzdepot Plus ist die Bereitstellung von Vitamin B12 f\u00fcr Ihr Wild, insbesondere Schwarzwild. Denn: Die Versorgung von Schwarzwild mit Vitamin B12 ist sehr h\u00e4ufig ungen\u00fcgend und f\u00fchrt so zu vermehrtem Brechen nach W\u00fcrmern und Insekten, da Vitamin B12 mit tierischer Nahrung aufgenommen wird. AttraTec No 16 Salzdepot Plus hilft auf diese Wiese, Wildsch\u00e4den zu reduzieren. AttraTec No 16 Salzdepot Plus ist eine Mischung aus hochwertigen Mineralien und Vitamin B 12. Es beinhaltet ausschlie\u00dflich Komponenten mit Futtermittelqualit\u00e4t. Die \u201eNo 16\u201c besteht ganz bewu\u00dft aus grobk\u00f6rnigen Mineralien und kann so einfach \u00fcber Kirrgut oder auf Kirrpl\u00e4tzen ausgestreut werden. Mit Wasser kann die No 16 innerhalb k\u00fcrzester Zeit zur Salzpaste anger\u00fchrt werden. Die Paste kann einfach auf Baumst\u00fcmpfe, Totholz, Geh\u00f6lze oder B\u00e4ume (Achtung: kann zu Sch\u00e4lsch\u00e4den f\u00fchren) aufgetragen werden. Dort haftet sie an und ist f\u00fcr alle Schalenwildarten verf\u00fcgbar.<\/p>\n<p>Noch ein Anwendungshinweis: Bitte AttraTec No 16 Salzdepot Plus vor der Benutzung bzw. vor dem Vermischen mit Wasser kurz vermischen. Da sich die Partikelgr\u00f6\u00dfen leicht unterscheiden, kann es bei Bewegung (z.B. Transport) zur partiellen Entmischung kommen. Dies kein Qualit\u00e4tsmangel, sondern  ein klassisches physikalisches Ph\u00e4nomen von freiflie\u00dfenden Pulvern. Daher diese Vorsichtsma\u00dfnahme bitte ber\u00fccksichtigen.<\/p>\n<p><strong>Anwendung<\/strong><\/p>\n<p>Methode 1: Direktes einfaches Ausstreuen \u00fcber Lockfutter oder F\u00fctterfl\u00e4che, z.B. unter Futterautomaten. Zirka 100g Salzdepot Plus sind ausreichend f\u00fcr eine Fl\u00e4che von 10 Quadratmetern. Je nach intensiver Annahme der Kirrung diesen Vorgang alle 2-4 Wochen wiederholen. Hinweis: vor dem Ausstreuen den Inhalt jeweils kurz mischen.<\/p>\n<p>Methode 2: Inhalt zun\u00e4chst gut durchmischen und pro 100 g Salzdepot Plus 25 ml Wasser dazugeben und unterr\u00fchren. F\u00fcr einen kompletten Eimer ben\u00f6tigen Sie also 500 ml Wasser. Nach wenigen Minuten ist die Salzpaste zur Anwendung fertig und kann auf Baumst\u00fcmpfe, Totholz, Geh\u00f6lze oder B\u00e4ume (Achtung: kann zu Sch\u00e4lschaden f\u00fchren) aufgetragen werden.<\/p>\n<table class=\"composition\">\n<tr>\n<th colspan=\"2\">Inhaltsstoffe<\/th>\n<\/tr>\n<tr>\n<td>Sodium (Na)<\/td>\n<td class=\"number\">36,7 %<\/td>\n<\/tr>\n<tr>\n<td>Potassium K)<\/td>\n<td class=\"number\">0,5 %<\/td>\n<\/tr>\n<tr>\n<td>Calcium  (Ca)<\/td>\n<td class=\"number\">0,8 %<\/td>\n<\/tr>\n<tr>\n<td>Magnesium (Mg)<\/td>\n<td class=\"number\">0,1 %<\/td>\n<\/tr>\n<tr>\n<td>Vitamine B<sub>12<\/sub> (UV stabilised premix, food quality, 1% vitamine B<sub>12<\/sub>)<\/td>\n<td class=\"number\">0,1 %<\/td>\n<\/tr>\n<tr>\n<td>Polysaccharide<\/td>\n<td class=\"number\">3,0 %<\/td>\n<\/tr>\n<table>\n<table class=\"composition\">\n<tr>\n<th colspan=\"2\">Zusammensetzung<\/th>\n<\/tr>\n<tr>\n<td>Sodium Chloride (NaCl)<\/td>\n<td class=\"number\">93,3 %<\/td>\n<\/tr>\n<tr>\n<td>Potassium Chloride (KCl)<\/td>\n<td class=\"number\">1,0 %<\/td>\n<\/tr>\n<tr>\n<td>Feeding chalk (CaCO<sub>3<\/sub>, MgCO<sub>3<\/sub>)<\/td>\n<td class=\"number\">2,5 %<\/td>\n<\/tr>\n<tr>\n<td>Vitamine B<sub>12<\/sub> (UV stabilised premix, food quality, 1% vitamine B<sub>12<\/sub>)<\/td>\n<td class=\"number\">0,1 %<\/td>\n<\/tr>\n<tr>\n<td>Polysaccharide<\/td>\n<td class=\"number\">3,0 %<\/td>\n<\/tr>\n<\/table>\n<p><script type=\"application\/ld+json\">\n\t{\n\t\t\"@context\": \"https:\/\/schema.org\/\",\n\t\t\"@type\": \"Product\",\n\t\t\"name\": \"AttraTec No 16 Salzdepot Plus, 2 kg\",\n\t\t\"image\": \"https:\/\/www.attratec.de\/wp-content\/uploads\/2021\/01\/attratec_no_16_2kg.jpg\",\n\t\t\"description\": \"Geignet zur flexiblen ganzj\u00e4hrigen Versorgung Ihres Wildes mit Mineralien und zur Wildschadenreduktion\",\n\t\t\"brand\": \"AttraTec\",\n\t\t\"gtin13\": \"4260335480434\",\n\t\t\"sku\": \"90041-1\",\n\t\t\"offers\": {\n\t\t\t\"@type\": \"Offer\",\n\t\t\t\"url\": \"https:\/\/www.attratec.de\/shop\/lockmittel-kirrung-salzlecke\/attratec-no-16-salzdepot-plus-2-kg\",\n\t\t\t\"priceCurrency\": \"EUR\",\n\t\t\t\"price\": \"15.25\",\n\t\t\t\"availability\": \"https:\/\/schema.org\/InStock\",\n\t\t\t\"itemCondition\": \"https:\/\/schema.org\/NewCondition\"\n\t\t}\n\t}\n\t<\/script><\/p>\n","protected":false},"excerpt":{"rendered":"<p>Jubil\u00e4umsangebot aus zwei Flaschen Suhlengold Version 2017, einem TOP-Qualit\u00e4tsprodukt f\u00fcr Malb\u00e4ume, und AttraTec No 16 Salzdepot Plus<\/p>\n","protected":false},"featured_media":6060,"comment_status":"open","ping_status":"closed","template":"","meta":[],"product_cat":[113,68],"product_tag":[98,109],"_links":{"self":[{"href":"https:\/\/www.attratec.de\/en\/wp-json\/wp\/v2\/product\/6062"}],"collection":[{"href":"https:\/\/www.attratec.de\/en\/wp-json\/wp\/v2\/product"}],"about":[{"href":"https:\/\/www.attratec.de\/en\/wp-json\/wp\/v2\/types\/product"}],"replies":[{"embeddable":true,"href":"https:\/\/www.attratec.de\/en\/wp-json\/wp\/v2\/comments?post=6062"}],"wp:featuredmedia":[{"embeddable":true,"href":"https:\/\/www.attratec.de\/en\/wp-json\/wp\/v2\/media\/6060"}],"wp:attachment":[{"href":"https:\/\/www.attratec.de\/en\/wp-json\/wp\/v2\/media?parent=6062"}],"wp:term":[{"taxonomy":"product_cat","embeddable":true,"href":"https:\/\/www.attratec.de\/en\/wp-json\/wp\/v2\/product_cat?post=6062"},{"taxonomy":"product_tag","embeddable":true,"href":"https:\/\/www.attratec.de\/en\/wp-json\/wp\/v2\/product_tag?post=6062"}],"curies":[{"name":"wp","href":"https:\/\/api.w.org\/{rel}","templated":true}]}}