{"id":10646,"date":"2026-04-28T21:21:59","date_gmt":"2026-04-28T19:21:59","guid":{"rendered":"https:\/\/www.attratec.de\/?post_type=product&#038;p=10646"},"modified":"2026-04-28T21:53:07","modified_gmt":"2026-04-28T19:53:07","slug":"testprodukt-attratec-no-26-hafer","status":"publish","type":"product","link":"https:\/\/www.attratec.de\/en\/shop\/produkttests\/testprodukt-attratec-no-26-hafer","title":{"rendered":"Testprodukt &#8211; AttraTec No 26 Hafer"},"content":{"rendered":"<h2>Wenn sich an Ihrer Kirrung kein oder nur wenig Schalenwild einfinden, dann wird es Zeit f\u00fcr gezielte Ver\u00e4nderungen&#8230;. <\/h2>\n<ul>\n<li>Nicht jedes Schalenwild &#8220;steht auf das gleiche Kirrgut&#8221;, denn Sauen, Rehe, Hirsche, Muffel und Gamswild k\u00f6nnen indiviuell unterschiedliche Geschmacksvorlieben haben\n<li\/>\n<li>Wir helfen Ihnen ein passendes Produkt ganz leicht und ohne Risiko zufinden* &#8211; und noch dazu quasi kostenlos\n<li\/>\n<li>Hier erhalten Sie bis zum 31.07.2026 AttraTec No 26 Hafer als Testprodukt (inkl. Protokoll)<\/li>\n<li>Die Abgabefrist des Protokolls endet am 31.08.2026<\/li>\n<li>Nach Protollabgabe wird der Kaufpreis inklusive Versandkosten in Form eines Warengutscheins erstattet, dazu gibt es noch ein Geschenk in From einer &#8220;kleinen \u00dcberraschung&#8221;<\/li>\n<li>Weitere Informationen zu unseren aktuellen Tests finden Sie weiter unten**<\/li>\n<h2>Erg\u00e4nzungsfuttermittel f\u00fcr Schalenwild<\/h2>\n<ul>\n<li>F\u00fcr alle Schalenwildarten<\/li>\n<li>Anwendung in Kombination mit Kirrgut oder Mineralfuttermittel<\/li>\n<\/ul>\n<p><strong>Das Besondere an AttraTec No 26 Hafer<\/strong><br \/>\nDurch Kombination mit AttraTec No 26 Hafer werden (Mineral)Futtermittel wie z.B. Salzlecken und Kirrgut geschmacklich signifikant aufgewertet. Zudem entfaltes es einen angenehmen, intensiven Hafergeruch. Das hochkonzentrierte Produkt erzielt bereits mit recht niedrigen Mengen einen markanten Effekt: Bei regelm\u00e4\u00dfiger Anwendung k\u00f6nnen Besuchsfrequenz und Aufenthaltsdauer von Schalenwild an Kirrungen und Salzlecken deutlich erh\u00f6ht und die Chancen auf Jagderfolgt erheblich gesteigert werden.<\/p>\n<p><strong>Anwendungsm\u00f6glichkeiten von AttraTec No 21 Mais<\/strong><br \/>\nDie Anwendung von AttraTec No 26 Hafer gestaltet sich sehr einfach und flexibel: \u00dcber die Spritzd\u00fcse kann das Produkt direkt auf eine Salzlecke aufgespritzt oder auf Kirrgut wie Mais oder Getreide aufgetragen werden (Mischungsverh\u00e4ltnis: 1 Teil AttraTec No 26 Hafer auf 20 bis 200 Teile Kirrgut). Anschlie\u00dfend wird das Ganze kurz vermischt &#8211; fertig. Eine weitere Anwendungsm\u00f6glichkeit besteht in der Mischung mit einem AttraTec Salzdepot (1 Teil AttraTec No 26 Hafer auf ca. 3 Teile Salzdepot). Daraus ergibt sich eine einfach aufzutragende Salzpaste. <\/p>\n<p><strong>Achtung<\/strong> Auftragen auf B\u00e4ume kann zu Sch\u00e4lsch\u00e4den f\u00fchren.<\/p>\n<table class=\"composition\">\n<tr>\n<th colspan=\"2\">Inhaltsstoffe<\/th>\n<\/tr>\n<tr>\n<td>Rohprotein<\/td>\n<td class=\"number\">&lt; 0,1 %<\/td>\n<\/tr>\n<tr>\n<td>Rohfaser<\/td>\n<td class=\"number\">&lt; 0,1 %<\/td>\n<\/tr>\n<tr>\n<td>Rohfett<\/td>\n<td class=\"number\">&lt; 0,1 %<\/td>\n<\/tr>\n<tr>\n<td>Rohasche<\/td>\n<td class=\"number\">&lt; 0,1 %<\/td>\n<\/tr>\n<tr>\n<td>Natrium (Na)<\/td>\n<td class=\"number\">&lt; 0,1 %<\/td>\n<\/tr>\n<tr>\n<td>Feuchtegehalt<\/td>\n<td class=\"number\">21 %<\/td>\n<\/tr>\n<\/table>\n<p>\n<strong>Zusammensetzung<\/strong><br \/>\nGlycerin, Saccharose, Glucose, Fructose<\/p>\n<p><strong>Sensorischer Zusatzstoff<\/strong><br \/>\nVormischung aus Aromastoffen<\/p>\n<p>Beachten Sie die f\u00fcr Sie geltenden Landesjagdgesetze.\n<\/p>\n<p><script type=\"application\/ld+json\">\n\t{\n\t\t\"@context\": \"https:\/\/schema.org\/\",\n\t\t\"@type\": \"Product\",\n\t\t\"name\": \"AttraTec No 26 Hafer\",\n\t\t\"image\": \"https:\/\/www.attratec.de\/wp-content\/uploads\/2026\/02\/attratec-no-26-hafer.jpg\",\n\t\t\"description\": \"Erg\u00e4nzungsfuttermittel f\u00fcr Schalenwild\",\n\t\t\"brand\": \"AttraTec\",\n\t\t\"gtin13\": \"4260335480878\",\n\t\t\"sku\": \"40069-1\",\n\t\t\"offers\": {\n\t\t\t\"@type\": \"Offer\",\n\t\t\t\"url\": \"https:\/\/www.attratec.de\/shop\/produkttests\/testprodukt-attratec-no-26-hafer\",\n\t\t\t\"priceCurrency\": \"EUR\",\n\t\t\t\"price\": \"19.95\n\",\n\t\t\t\"availability\": \"https:\/\/schema.org\/InStock\",\n\t\t\t\"itemCondition\": \"https:\/\/schema.org\/NewCondition\"\n\t\t}\n\t}\n\t<\/script><\/p>\n<p>* So erkennen Sie ein geeignetes Erg\u00e4nzungsfuttermittel: Wenn Kirrgut, behandelt mit einem Erg\u00e4nzungsfuttermittel von AttraTec, den Geruchs- und Geschmacksvorlieben von Schalenwild entsprechen, dann werden innerhalb weniger Tage die Aufenthaltsdauer an Kirrungen deutlich und bemerkbar erh\u00f6ht. H\u00e4ufig wechselt Schalenwild fr\u00fcher an als \u00fcblich.<\/p>\n<p>** Teilnehmer am Produkttest m\u00fcssen 18 Jahre alt sein und den Jagdschein besitzen. Sie d\u00fcrfen weder mit AttraTec noch einem Wettbewerber verbunden sein (verwand, bekannt, Arbeitsverh\u00e4ltnis, etc). Der Kaufpreis sammt Versandkosten, sofern welche anfallen, wird in Form eines Gutscheincodes erstattet, wodurch der Test quasi kostenlos ist. Dieser Gutschein hat kein Verfallsdatum. Er kann nicht f\u00fcr den Erwerb von Testprodukten oder Sonderangeboten eingesetzt bzw. mit anderen Gutscheincodes kombiniert werden. Zus\u00e4tzlich erh\u00e4lt der Tester als Belohnung f\u00fcr sein Engagement ein n\u00fctzliches Geschenk (kleine \u00dcberraschung).<\/p>\n","protected":false},"excerpt":{"rendered":"<p>Erg\u00e4nzungsfutter f\u00fcr alle Schalenwildarten mit flexibler Anwendung &#8211; signifikante geschmackliche Aufwertung von Kirrgut und angenehmen Maisgeruch<\/p>\n","protected":false},"featured_media":10327,"comment_status":"open","ping_status":"closed","template":"","meta":[],"product_cat":[218,202],"product_tag":[],"_links":{"self":[{"href":"https:\/\/www.attratec.de\/en\/wp-json\/wp\/v2\/product\/10646"}],"collection":[{"href":"https:\/\/www.attratec.de\/en\/wp-json\/wp\/v2\/product"}],"about":[{"href":"https:\/\/www.attratec.de\/en\/wp-json\/wp\/v2\/types\/product"}],"replies":[{"embeddable":true,"href":"https:\/\/www.attratec.de\/en\/wp-json\/wp\/v2\/comments?post=10646"}],"wp:featuredmedia":[{"embeddable":true,"href":"https:\/\/www.attratec.de\/en\/wp-json\/wp\/v2\/media\/10327"}],"wp:attachment":[{"href":"https:\/\/www.attratec.de\/en\/wp-json\/wp\/v2\/media?parent=10646"}],"wp:term":[{"taxonomy":"product_cat","embeddable":true,"href":"https:\/\/www.attratec.de\/en\/wp-json\/wp\/v2\/product_cat?post=10646"},{"taxonomy":"product_tag","embeddable":true,"href":"https:\/\/www.attratec.de\/en\/wp-json\/wp\/v2\/product_tag?post=10646"}],"curies":[{"name":"wp","href":"https:\/\/api.w.org\/{rel}","templated":true}]}}